{"id":82597,"date":"2024-03-14T13:21:52","date_gmt":"2024-03-14T12:21:53","guid":{"rendered":"https:\/\/grontkontor.dk\/?post_type=product&#038;p=82597"},"modified":"2024-05-15T15:52:19","modified_gmt":"2024-05-15T13:52:19","slug":"gem-32-mm","status":"publish","type":"product","link":"https:\/\/grontkontor.dk\/sv\/shop\/gem-32-mm\/","title":{"rendered":"Gem 32 mm"},"content":{"rendered":"<p>Organisera dina l\u00f6sa papper med dessa starka och h\u00e5llbara gem av galvaniserad st\u00e5ltr\u00e5d med vassa \u00e4ndar (32 mm). Ett stort paket med standardkl\u00e4mmor f\u00f6r att h\u00e5lla dina dokument p\u00e5 plats. L\u00e5dan inneh\u00e5ller cirka 985 clips med en totalvikt p\u00e5 500 gram.<\/p>\nSt\u00e5l\/j\u00e4rn \u00e4r en \u00e5tranv\u00e4ndbar och i praktiken obegr\u00e4nsad resurs som inte f\u00f6rorenar vid kassering. Produktionen av st\u00e5l \u00e4r i sig sj\u00e4lv inte h\u00e5llbar, d\u00e5 det produceras stora m\u00e4ngder CO2 fr\u00e5n fossila materialer i processen. Men d\u00e4remot har st\u00e5lprodukter en ovanligt l\u00e5ng levnadstid och g\u00f6r det m\u00f6jligt f\u00f6r \u00e5tervinning i det o\u00e4ndliga, vilket sker i s\u00e5 stort utstr\u00e4ckning att absolut st\u00f6rsta delen av allt st\u00e5l p\u00e5 marknaden, i huvudsak, best\u00e5r av \u00e5tervunnet st\u00e5l. \n","protected":false},"excerpt":{"rendered":"<p>Organisera dina l\u00f6sa papper med dessa starka och h\u00e5llbara gem av galvaniserad st\u00e5ltr\u00e5d med vassa \u00e4ndar (32 mm). Ett stort paket med standardkl\u00e4mmor f\u00f6r att h\u00e5lla dina dokument p\u00e5 plats. L\u00e5dan inneh\u00e5ller cirka 985 clips med en totalvikt p\u00e5 500 gram.<\/p>\n","protected":false},"featured_media":82611,"comment_status":"closed","ping_status":"closed","template":"","meta":{"_acf_changed":false},"product_cat":[2107,2394,1375],"product_tag":[1668],"class_list":{"0":"post-82597","1":"product","2":"type-product","3":"status-publish","4":"has-post-thumbnail","6":"product_cat-dummy-moq-1-sv","7":"product_cat-nyheter","8":"product_cat-diverse-til-skrivebordet-sv","9":"product_tag-papirclips-sv","10":"pa_farve-blaa-sv","11":"pa_farve-graa-sv","12":"pa_farve-sort-sv","13":"tm-has-options","15":"first","16":"instock","17":"taxable","18":"shipping-taxable","19":"purchasable","20":"product-type-simple"},"acf":[],"yoast_head":"<!-- This site is optimized with the Yoast SEO Premium plugin v21.2 (Yoast SEO v21.2) - https:\/\/yoast.com\/wordpress\/plugins\/seo\/ -->\n<title>Gem 32 mm - Gr\u00f8nt Kontor<\/title>\n<meta name=\"robots\" content=\"index, follow, max-snippet:-1, max-image-preview:large, max-video-preview:-1\" \/>\n<link rel=\"canonical\" href=\"https:\/\/grontkontor.dk\/sv\/shop\/gem-32-mm\/\" \/>\n<meta property=\"og:locale\" content=\"sv_SE\" \/>\n<meta property=\"og:type\" content=\"article\" \/>\n<meta property=\"og:title\" content=\"Gem 32 mm\" \/>\n<meta property=\"og:description\" content=\"Organisera dina l\u00f6sa papper med dessa starka och h\u00e5llbara gem av galvaniserad st\u00e5ltr\u00e5d med vassa \u00e4ndar (32 mm). Ett stort paket med standardkl\u00e4mmor f\u00f6r att h\u00e5lla dina dokument p\u00e5 plats. L\u00e5dan inneh\u00e5ller cirka 985 clips med en totalvikt p\u00e5 500 gram.\" \/>\n<meta property=\"og:url\" content=\"https:\/\/grontkontor.dk\/sv\/shop\/gem-32-mm\/\" \/>\n<meta property=\"og:site_name\" content=\"Gr\u00f8nt Kontor\" \/>\n<meta property=\"article:publisher\" content=\"https:\/\/www.facebook.com\/grontkontor.dk\/\" \/>\n<meta property=\"article:modified_time\" content=\"2024-05-15T13:52:19+00:00\" \/>\n<meta property=\"og:image\" content=\"https:\/\/grontkontor.dk\/wp-content\/uploads\/2024\/03\/Clips-i-staal-i-aeske.jpg\" \/>\n\t<meta property=\"og:image:width\" content=\"900\" \/>\n\t<meta property=\"og:image:height\" content=\"639\" \/>\n\t<meta property=\"og:image:type\" content=\"image\/jpeg\" \/>\n<meta name=\"twitter:card\" content=\"summary_large_image\" \/>\n<script type=\"application\/ld+json\" class=\"yoast-schema-graph\">{\"@context\":\"https:\/\/schema.org\",\"@graph\":[{\"@type\":\"WebPage\",\"@id\":\"https:\/\/grontkontor.dk\/sv\/shop\/gem-32-mm\/\",\"url\":\"https:\/\/grontkontor.dk\/sv\/shop\/gem-32-mm\/\",\"name\":\"Gem 32 mm - Gr\u00f8nt Kontor\",\"isPartOf\":{\"@id\":\"https:\/\/grontkontor.dk\/#website\"},\"datePublished\":\"2024-03-14T12:21:53+00:00\",\"dateModified\":\"2024-05-15T13:52:19+00:00\",\"breadcrumb\":{\"@id\":\"https:\/\/grontkontor.dk\/sv\/shop\/gem-32-mm\/#breadcrumb\"},\"inLanguage\":\"sv-SE\",\"potentialAction\":[{\"@type\":\"ReadAction\",\"target\":[\"https:\/\/grontkontor.dk\/sv\/shop\/gem-32-mm\/\"]}]},{\"@type\":\"BreadcrumbList\",\"@id\":\"https:\/\/grontkontor.dk\/sv\/shop\/gem-32-mm\/#breadcrumb\",\"itemListElement\":[{\"@type\":\"ListItem\",\"position\":1,\"name\":\"Forside\",\"item\":\"https:\/\/grontkontor.dk\/\"},{\"@type\":\"ListItem\",\"position\":2,\"name\":\"Shop\",\"item\":\"https:\/\/grontkontor.dk\/sv\/shop\/\"},{\"@type\":\"ListItem\",\"position\":3,\"name\":\"Tillbeh\u00f6r till skrivbordet\",\"item\":\"https:\/\/grontkontor.dk\/sv\/produkt-kategori\/tillbehor-till-skrivbordet\/\"},{\"@type\":\"ListItem\",\"position\":4,\"name\":\"\u00d6vrigt f\u00f6r skrivbordet\",\"item\":\"https:\/\/grontkontor.dk\/sv\/produkt-kategori\/tillbehor-till-skrivbordet\/diverse-til-skrivebordet-sv\/\"},{\"@type\":\"ListItem\",\"position\":5,\"name\":\"Gem 32 mm\"}]},{\"@type\":\"WebSite\",\"@id\":\"https:\/\/grontkontor.dk\/#website\",\"url\":\"https:\/\/grontkontor.dk\/\",\"name\":\"Gr\u00f8nt Kontor\",\"description\":\"Milj\u00f8venlige produkter til kontor og erhverv med fokus p\u00e5 b\u00e6redygtighed, design og fair trade.\",\"publisher\":{\"@id\":\"https:\/\/grontkontor.dk\/#organization\"},\"potentialAction\":[{\"@type\":\"SearchAction\",\"target\":{\"@type\":\"EntryPoint\",\"urlTemplate\":\"https:\/\/grontkontor.dk\/?s={search_term_string}\"},\"query-input\":\"required name=search_term_string\"}],\"inLanguage\":\"sv-SE\"},{\"@type\":\"Organization\",\"@id\":\"https:\/\/grontkontor.dk\/#organization\",\"name\":\"Gr\u00f8nt Kontor\",\"url\":\"https:\/\/grontkontor.dk\/\",\"logo\":{\"@type\":\"ImageObject\",\"inLanguage\":\"sv-SE\",\"@id\":\"https:\/\/grontkontor.dk\/#\/schema\/logo\/image\/\",\"url\":\"https:\/\/grontkontor.dk\/wp-content\/uploads\/2014\/02\/Logo_groent_kontor_300x80.png\",\"contentUrl\":\"https:\/\/grontkontor.dk\/wp-content\/uploads\/2014\/02\/Logo_groent_kontor_300x80.png\",\"width\":300,\"height\":80,\"caption\":\"Gr\u00f8nt Kontor\"},\"image\":{\"@id\":\"https:\/\/grontkontor.dk\/#\/schema\/logo\/image\/\"},\"sameAs\":[\"https:\/\/www.facebook.com\/grontkontor.dk\/\"]}]}<\/script>\n<!-- \/ Yoast SEO Premium plugin. -->","yoast_head_json":{"title":"Gem 32 mm - Gr\u00f8nt Kontor","robots":{"index":"index","follow":"follow","max-snippet":"max-snippet:-1","max-image-preview":"max-image-preview:large","max-video-preview":"max-video-preview:-1"},"canonical":"https:\/\/grontkontor.dk\/sv\/shop\/gem-32-mm\/","og_locale":"sv_SE","og_type":"article","og_title":"Gem 32 mm","og_description":"Organisera dina l\u00f6sa papper med dessa starka och h\u00e5llbara gem av galvaniserad st\u00e5ltr\u00e5d med vassa \u00e4ndar (32 mm). Ett stort paket med standardkl\u00e4mmor f\u00f6r att h\u00e5lla dina dokument p\u00e5 plats. L\u00e5dan inneh\u00e5ller cirka 985 clips med en totalvikt p\u00e5 500 gram.","og_url":"https:\/\/grontkontor.dk\/sv\/shop\/gem-32-mm\/","og_site_name":"Gr\u00f8nt Kontor","article_publisher":"https:\/\/www.facebook.com\/grontkontor.dk\/","article_modified_time":"2024-05-15T13:52:19+00:00","og_image":[{"width":900,"height":639,"url":"https:\/\/grontkontor.dk\/wp-content\/uploads\/2024\/03\/Clips-i-staal-i-aeske.jpg","type":"image\/jpeg"}],"twitter_card":"summary_large_image","schema":{"@context":"https:\/\/schema.org","@graph":[{"@type":"WebPage","@id":"https:\/\/grontkontor.dk\/sv\/shop\/gem-32-mm\/","url":"https:\/\/grontkontor.dk\/sv\/shop\/gem-32-mm\/","name":"Gem 32 mm - Gr\u00f8nt Kontor","isPartOf":{"@id":"https:\/\/grontkontor.dk\/#website"},"datePublished":"2024-03-14T12:21:53+00:00","dateModified":"2024-05-15T13:52:19+00:00","breadcrumb":{"@id":"https:\/\/grontkontor.dk\/sv\/shop\/gem-32-mm\/#breadcrumb"},"inLanguage":"sv-SE","potentialAction":[{"@type":"ReadAction","target":["https:\/\/grontkontor.dk\/sv\/shop\/gem-32-mm\/"]}]},{"@type":"BreadcrumbList","@id":"https:\/\/grontkontor.dk\/sv\/shop\/gem-32-mm\/#breadcrumb","itemListElement":[{"@type":"ListItem","position":1,"name":"Forside","item":"https:\/\/grontkontor.dk\/"},{"@type":"ListItem","position":2,"name":"Shop","item":"https:\/\/grontkontor.dk\/sv\/shop\/"},{"@type":"ListItem","position":3,"name":"Tillbeh\u00f6r till skrivbordet","item":"https:\/\/grontkontor.dk\/sv\/produkt-kategori\/tillbehor-till-skrivbordet\/"},{"@type":"ListItem","position":4,"name":"\u00d6vrigt f\u00f6r skrivbordet","item":"https:\/\/grontkontor.dk\/sv\/produkt-kategori\/tillbehor-till-skrivbordet\/diverse-til-skrivebordet-sv\/"},{"@type":"ListItem","position":5,"name":"Gem 32 mm"}]},{"@type":"WebSite","@id":"https:\/\/grontkontor.dk\/#website","url":"https:\/\/grontkontor.dk\/","name":"Gr\u00f8nt Kontor","description":"Milj\u00f8venlige produkter til kontor og erhverv med fokus p\u00e5 b\u00e6redygtighed, design og fair trade.","publisher":{"@id":"https:\/\/grontkontor.dk\/#organization"},"potentialAction":[{"@type":"SearchAction","target":{"@type":"EntryPoint","urlTemplate":"https:\/\/grontkontor.dk\/?s={search_term_string}"},"query-input":"required name=search_term_string"}],"inLanguage":"sv-SE"},{"@type":"Organization","@id":"https:\/\/grontkontor.dk\/#organization","name":"Gr\u00f8nt Kontor","url":"https:\/\/grontkontor.dk\/","logo":{"@type":"ImageObject","inLanguage":"sv-SE","@id":"https:\/\/grontkontor.dk\/#\/schema\/logo\/image\/","url":"https:\/\/grontkontor.dk\/wp-content\/uploads\/2014\/02\/Logo_groent_kontor_300x80.png","contentUrl":"https:\/\/grontkontor.dk\/wp-content\/uploads\/2014\/02\/Logo_groent_kontor_300x80.png","width":300,"height":80,"caption":"Gr\u00f8nt Kontor"},"image":{"@id":"https:\/\/grontkontor.dk\/#\/schema\/logo\/image\/"},"sameAs":["https:\/\/www.facebook.com\/grontkontor.dk\/"]}]}},"_links":{"self":[{"href":"https:\/\/grontkontor.dk\/sv\/wp-json\/wp\/v2\/product\/82597"}],"collection":[{"href":"https:\/\/grontkontor.dk\/sv\/wp-json\/wp\/v2\/product"}],"about":[{"href":"https:\/\/grontkontor.dk\/sv\/wp-json\/wp\/v2\/types\/product"}],"replies":[{"embeddable":true,"href":"https:\/\/grontkontor.dk\/sv\/wp-json\/wp\/v2\/comments?post=82597"}],"wp:featuredmedia":[{"embeddable":true,"href":"https:\/\/grontkontor.dk\/sv\/wp-json\/wp\/v2\/media\/82611"}],"wp:attachment":[{"href":"https:\/\/grontkontor.dk\/sv\/wp-json\/wp\/v2\/media?parent=82597"}],"wp:term":[{"taxonomy":"product_cat","embeddable":true,"href":"https:\/\/grontkontor.dk\/sv\/wp-json\/wp\/v2\/product_cat?post=82597"},{"taxonomy":"product_tag","embeddable":true,"href":"https:\/\/grontkontor.dk\/sv\/wp-json\/wp\/v2\/product_tag?post=82597"}],"curies":[{"name":"wp","href":"https:\/\/api.w.org\/{rel}","templated":true}]}}