{"id":82754,"date":"2025-04-03T12:57:41","date_gmt":"2024-03-19T11:57:43","guid":{"rendered":"https:\/\/grontkontor.dk\/?post_type=product&#038;p=82754"},"modified":"2025-11-06T10:08:10","modified_gmt":"2025-11-06T09:08:10","slug":"klimavenlig-t-shirt-oekologisk-bomuld-unisex","status":"publish","type":"product","link":"https:\/\/grontkontor.dk\/sv\/shop\/klimavenlig-t-shirt-oekologisk-bomuld-unisex\/","title":{"rendered":"Klimatsmart t-shirt unisex i ekologisk bomull"},"content":{"rendered":"<p>En klimatv\u00e4nlig unisex t-shirt i 100% ekologisk bomull \u00e4r det perfekta valet f\u00f6r profilkl\u00e4der som kombinerar komfort, stil och ansvar. Den h\u00e4r skjortan har ett klassiskt snitt som passar b\u00e5de m\u00e4n och kvinnor, och den finns i storlekarna XS till XXL s\u00e5 att alla kan hitta en bra passform.<br \/>\nT-shirten har en vikt p\u00e5 150 gsm, vilket g\u00f6r den l\u00e4tt, andningsbar och l\u00e4mplig f\u00f6r b\u00e5de arbete och fritid. Den kan best\u00e4llas i flera f\u00e4rger, vilket ger flexibilitet f\u00f6r f\u00f6retag som vill matcha sin visuella identitet. Som standard kan den levereras med logotryck i upp till fyra f\u00e4rger beroende p\u00e5 tryckmetod, och det finns \u00e4ven m\u00f6jlighet till brodyr om du vill ha ett mer exklusivt utseende.<x id=\"gid_1\"><\/x>Med en minsta best\u00e4llning p\u00e5 50 stycken \u00e4r unisex-t-shirten idealisk som f\u00f6retagspresent, personalkl\u00e4der eller som reklamartikel f\u00f6r m\u00e4ssor och evenemang. Kombinationen av ekologisk bomull och klassisk design g\u00f6r det till en milj\u00f6v\u00e4nlig l\u00f6sning som kan anv\u00e4ndas om och om igen.<x id=\"gid_2\"><\/x>N\u00e4r du v\u00e4ljer klimatsmarta t-shirts i ekologiska material signalerar du omtanke om b\u00e5de m\u00e4nniskor och milj\u00f6. Denna unisexskjorta \u00e4r ett s\u00e4kert val som f\u00f6renar funktion, kvalitet och gr\u00f6na v\u00e4rden.<br \/>\nBomull \u00e4r en biologiskt nedbrytbar, komposterbar naturprodukt och en av v\u00e4rldens \u00e4ldsta handels- och jordbruksprodukter. Ekologisk bomull odlas med icke genmanipulerat uts\u00e4de och utan anv\u00e4ndning av pesticider och andra skadliga kemikalier.  GOTS certificeringen \u00e4r en garanti f\u00f6r, att dina kl\u00e4der \u00e4r producerade ekologiskt och milj\u00f6m\u00e4ssigt korrekt under ordentgliga l\u00f6n- och arbetsf\u00f6rh\u00e5llanden. <\/p>\n<a href=\"https:\/\/www.eco-branding.dk\/miljoemaerkning\/gots.aspx\" rel=\"noopener\" target=\"_blank\"><img loading=\"lazy\" decoding=\"async\" class=\"size-full wp-image-12808\" src=\"https:\/\/grontkontor.dk\/wp-content\/uploads\/2019\/04\/gots-certificeret.jpg\" \n   alt=\"Gots certificeret - din garanti for, at produktet indeholder mindst 70% ?kologisk bomuld\"  description=\"Gots certificeret - din garanti for, at produktet indeholder mindst 70% ?kologisk bomuld\" width=\"50\" height=\"50\" \n\t border=0 \/><\/a>\n","protected":false},"excerpt":{"rendered":"<p>En klimatv\u00e4nlig unisex t-shirt i 100% ekologisk bomull \u00e4r det perfekta valet f\u00f6r profilkl\u00e4der som kombinerar komfort, stil och ansvar. Den h\u00e4r skjortan har ett klassiskt snitt som passar b\u00e5de m\u00e4n och kvinnor, och den finns i storlekarna XS till XXL s\u00e5 att alla kan hitta en bra passform. T-shirten har en vikt p\u00e5 150 [&hellip;]<\/p>\n","protected":false},"featured_media":82779,"comment_status":"closed","ping_status":"closed","template":"","meta":{"_acf_changed":false},"product_cat":[4841,2450,867,2394],"product_tag":[4796,3058,4797,4799,4798],"class_list":{"0":"post-82754","1":"product","2":"type-product","3":"status-publish","4":"has-post-thumbnail","6":"product_cat-t-shirts-sweatshirts-och-piketroejor","7":"product_cat-dummy-moq-10-50-sv","8":"product_cat-miljovaenliga-foretagspresenter","9":"product_cat-nyheter","10":"product_tag-skjorta","11":"product_tag-t-shirt-sv","12":"product_tag-t-shirt-sv-2","13":"product_tag-t-shirts-sv-2","14":"product_tag-t-shirts-sv","15":"pa_farve-blaa-sv","16":"pa_farve-groen-sv","17":"pa_farve-gul-sv","18":"pa_farve-lilla-sv","19":"pa_farve-natur-sv","20":"tm-has-options","22":"first","23":"instock","24":"sale","25":"taxable","26":"shipping-taxable","27":"purchasable","28":"product-type-simple"},"acf":[],"yoast_head":"<!-- This site is optimized with the Yoast SEO Premium plugin v21.2 (Yoast SEO v21.2) - https:\/\/yoast.com\/wordpress\/plugins\/seo\/ -->\n<title>Klimatsmart t-shirt unisex i ekologisk bomull - Gr\u00f8nt Kontor<\/title>\n<meta name=\"description\" content=\"Klimatsmart unisex t-shirt i 100% ekologisk bomull. Milj\u00f6v\u00e4nlig skjorta i m\u00e5nga storlekar och f\u00e4rger. Perfekt f\u00f6r logotyptryck eller broderi.\" \/>\n<meta name=\"robots\" content=\"index, follow, max-snippet:-1, max-image-preview:large, max-video-preview:-1\" \/>\n<link rel=\"canonical\" href=\"https:\/\/grontkontor.dk\/sv\/shop\/klimavenlig-t-shirt-oekologisk-bomuld-unisex\/\" \/>\n<meta property=\"og:locale\" content=\"sv_SE\" \/>\n<meta property=\"og:type\" content=\"article\" \/>\n<meta property=\"og:title\" content=\"Klimatsmart t-shirt unisex i ekologisk bomull\" \/>\n<meta property=\"og:description\" content=\"Klimatsmart unisex t-shirt i 100% ekologisk bomull. Milj\u00f6v\u00e4nlig skjorta i m\u00e5nga storlekar och f\u00e4rger. Perfekt f\u00f6r logotyptryck eller broderi.\" \/>\n<meta property=\"og:url\" content=\"https:\/\/grontkontor.dk\/sv\/shop\/klimavenlig-t-shirt-oekologisk-bomuld-unisex\/\" \/>\n<meta property=\"og:site_name\" content=\"Gr\u00f8nt Kontor\" \/>\n<meta property=\"article:publisher\" content=\"https:\/\/www.facebook.com\/grontkontor.dk\/\" \/>\n<meta property=\"article:modified_time\" content=\"2025-11-06T09:08:10+00:00\" \/>\n<meta property=\"og:image\" content=\"https:\/\/grontkontor.dk\/wp-content\/uploads\/2024\/03\/Klimavenlig-oekologisk-t-shirt-unisex-pastelfarver.jpg\" \/>\n\t<meta property=\"og:image:width\" content=\"900\" \/>\n\t<meta property=\"og:image:height\" content=\"639\" \/>\n\t<meta property=\"og:image:type\" content=\"image\/jpeg\" \/>\n<meta name=\"twitter:card\" content=\"summary_large_image\" \/>\n<meta name=\"twitter:label1\" content=\"Ber\u00e4knad l\u00e4stid\" \/>\n\t<meta name=\"twitter:data1\" content=\"1 minut\" \/>\n<script type=\"application\/ld+json\" class=\"yoast-schema-graph\">{\"@context\":\"https:\/\/schema.org\",\"@graph\":[{\"@type\":\"WebPage\",\"@id\":\"https:\/\/grontkontor.dk\/sv\/shop\/klimavenlig-t-shirt-oekologisk-bomuld-unisex\/\",\"url\":\"https:\/\/grontkontor.dk\/sv\/shop\/klimavenlig-t-shirt-oekologisk-bomuld-unisex\/\",\"name\":\"Klimatsmart t-shirt unisex i ekologisk bomull - Gr\u00f8nt Kontor\",\"isPartOf\":{\"@id\":\"https:\/\/grontkontor.dk\/#website\"},\"datePublished\":\"2024-03-19T11:57:43+00:00\",\"dateModified\":\"2025-11-06T09:08:10+00:00\",\"description\":\"Klimatsmart unisex t-shirt i 100% ekologisk bomull. Milj\u00f6v\u00e4nlig skjorta i m\u00e5nga storlekar och f\u00e4rger. Perfekt f\u00f6r logotyptryck eller broderi.\",\"breadcrumb\":{\"@id\":\"https:\/\/grontkontor.dk\/sv\/shop\/klimavenlig-t-shirt-oekologisk-bomuld-unisex\/#breadcrumb\"},\"inLanguage\":\"sv-SE\",\"potentialAction\":[{\"@type\":\"ReadAction\",\"target\":[\"https:\/\/grontkontor.dk\/sv\/shop\/klimavenlig-t-shirt-oekologisk-bomuld-unisex\/\"]}]},{\"@type\":\"BreadcrumbList\",\"@id\":\"https:\/\/grontkontor.dk\/sv\/shop\/klimavenlig-t-shirt-oekologisk-bomuld-unisex\/#breadcrumb\",\"itemListElement\":[{\"@type\":\"ListItem\",\"position\":1,\"name\":\"Forside\",\"item\":\"https:\/\/grontkontor.dk\/\"},{\"@type\":\"ListItem\",\"position\":2,\"name\":\"Shop\",\"item\":\"https:\/\/grontkontor.dk\/sv\/shop\/\"},{\"@type\":\"ListItem\",\"position\":3,\"name\":\"Kl\u00e4der\",\"item\":\"https:\/\/grontkontor.dk\/sv\/produkt-kategori\/beklaedning-sv\/\"},{\"@type\":\"ListItem\",\"position\":4,\"name\":\"T-shirts, sweatshirts och pik\u00e9tr\u00f6jor\",\"item\":\"https:\/\/grontkontor.dk\/sv\/produkt-kategori\/beklaedning-sv\/t-shirts-sweatshirts-och-piketroejor\/\"},{\"@type\":\"ListItem\",\"position\":5,\"name\":\"Klimatsmart t-shirt unisex i ekologisk bomull\"}]},{\"@type\":\"WebSite\",\"@id\":\"https:\/\/grontkontor.dk\/#website\",\"url\":\"https:\/\/grontkontor.dk\/\",\"name\":\"Gr\u00f8nt Kontor\",\"description\":\"Milj\u00f8venlige produkter til kontor og erhverv med fokus p\u00e5 b\u00e6redygtighed, design og fair trade.\",\"publisher\":{\"@id\":\"https:\/\/grontkontor.dk\/#organization\"},\"potentialAction\":[{\"@type\":\"SearchAction\",\"target\":{\"@type\":\"EntryPoint\",\"urlTemplate\":\"https:\/\/grontkontor.dk\/?s={search_term_string}\"},\"query-input\":\"required name=search_term_string\"}],\"inLanguage\":\"sv-SE\"},{\"@type\":\"Organization\",\"@id\":\"https:\/\/grontkontor.dk\/#organization\",\"name\":\"Gr\u00f8nt Kontor\",\"url\":\"https:\/\/grontkontor.dk\/\",\"logo\":{\"@type\":\"ImageObject\",\"inLanguage\":\"sv-SE\",\"@id\":\"https:\/\/grontkontor.dk\/#\/schema\/logo\/image\/\",\"url\":\"https:\/\/grontkontor.dk\/wp-content\/uploads\/2014\/02\/Logo_groent_kontor_300x80.png\",\"contentUrl\":\"https:\/\/grontkontor.dk\/wp-content\/uploads\/2014\/02\/Logo_groent_kontor_300x80.png\",\"width\":300,\"height\":80,\"caption\":\"Gr\u00f8nt Kontor\"},\"image\":{\"@id\":\"https:\/\/grontkontor.dk\/#\/schema\/logo\/image\/\"},\"sameAs\":[\"https:\/\/www.facebook.com\/grontkontor.dk\/\"]}]}<\/script>\n<!-- \/ Yoast SEO Premium plugin. -->","yoast_head_json":{"title":"Klimatsmart t-shirt unisex i ekologisk bomull - Gr\u00f8nt Kontor","description":"Klimatsmart unisex t-shirt i 100% ekologisk bomull. Milj\u00f6v\u00e4nlig skjorta i m\u00e5nga storlekar och f\u00e4rger. Perfekt f\u00f6r logotyptryck eller broderi.","robots":{"index":"index","follow":"follow","max-snippet":"max-snippet:-1","max-image-preview":"max-image-preview:large","max-video-preview":"max-video-preview:-1"},"canonical":"https:\/\/grontkontor.dk\/sv\/shop\/klimavenlig-t-shirt-oekologisk-bomuld-unisex\/","og_locale":"sv_SE","og_type":"article","og_title":"Klimatsmart t-shirt unisex i ekologisk bomull","og_description":"Klimatsmart unisex t-shirt i 100% ekologisk bomull. Milj\u00f6v\u00e4nlig skjorta i m\u00e5nga storlekar och f\u00e4rger. Perfekt f\u00f6r logotyptryck eller broderi.","og_url":"https:\/\/grontkontor.dk\/sv\/shop\/klimavenlig-t-shirt-oekologisk-bomuld-unisex\/","og_site_name":"Gr\u00f8nt Kontor","article_publisher":"https:\/\/www.facebook.com\/grontkontor.dk\/","article_modified_time":"2025-11-06T09:08:10+00:00","og_image":[{"width":900,"height":639,"url":"https:\/\/grontkontor.dk\/wp-content\/uploads\/2024\/03\/Klimavenlig-oekologisk-t-shirt-unisex-pastelfarver.jpg","type":"image\/jpeg"}],"twitter_card":"summary_large_image","twitter_misc":{"Ber\u00e4knad l\u00e4stid":"1 minut"},"schema":{"@context":"https:\/\/schema.org","@graph":[{"@type":"WebPage","@id":"https:\/\/grontkontor.dk\/sv\/shop\/klimavenlig-t-shirt-oekologisk-bomuld-unisex\/","url":"https:\/\/grontkontor.dk\/sv\/shop\/klimavenlig-t-shirt-oekologisk-bomuld-unisex\/","name":"Klimatsmart t-shirt unisex i ekologisk bomull - Gr\u00f8nt Kontor","isPartOf":{"@id":"https:\/\/grontkontor.dk\/#website"},"datePublished":"2024-03-19T11:57:43+00:00","dateModified":"2025-11-06T09:08:10+00:00","description":"Klimatsmart unisex t-shirt i 100% ekologisk bomull. Milj\u00f6v\u00e4nlig skjorta i m\u00e5nga storlekar och f\u00e4rger. Perfekt f\u00f6r logotyptryck eller broderi.","breadcrumb":{"@id":"https:\/\/grontkontor.dk\/sv\/shop\/klimavenlig-t-shirt-oekologisk-bomuld-unisex\/#breadcrumb"},"inLanguage":"sv-SE","potentialAction":[{"@type":"ReadAction","target":["https:\/\/grontkontor.dk\/sv\/shop\/klimavenlig-t-shirt-oekologisk-bomuld-unisex\/"]}]},{"@type":"BreadcrumbList","@id":"https:\/\/grontkontor.dk\/sv\/shop\/klimavenlig-t-shirt-oekologisk-bomuld-unisex\/#breadcrumb","itemListElement":[{"@type":"ListItem","position":1,"name":"Forside","item":"https:\/\/grontkontor.dk\/"},{"@type":"ListItem","position":2,"name":"Shop","item":"https:\/\/grontkontor.dk\/sv\/shop\/"},{"@type":"ListItem","position":3,"name":"Kl\u00e4der","item":"https:\/\/grontkontor.dk\/sv\/produkt-kategori\/beklaedning-sv\/"},{"@type":"ListItem","position":4,"name":"T-shirts, sweatshirts och pik\u00e9tr\u00f6jor","item":"https:\/\/grontkontor.dk\/sv\/produkt-kategori\/beklaedning-sv\/t-shirts-sweatshirts-och-piketroejor\/"},{"@type":"ListItem","position":5,"name":"Klimatsmart t-shirt unisex i ekologisk bomull"}]},{"@type":"WebSite","@id":"https:\/\/grontkontor.dk\/#website","url":"https:\/\/grontkontor.dk\/","name":"Gr\u00f8nt Kontor","description":"Milj\u00f8venlige produkter til kontor og erhverv med fokus p\u00e5 b\u00e6redygtighed, design og fair trade.","publisher":{"@id":"https:\/\/grontkontor.dk\/#organization"},"potentialAction":[{"@type":"SearchAction","target":{"@type":"EntryPoint","urlTemplate":"https:\/\/grontkontor.dk\/?s={search_term_string}"},"query-input":"required name=search_term_string"}],"inLanguage":"sv-SE"},{"@type":"Organization","@id":"https:\/\/grontkontor.dk\/#organization","name":"Gr\u00f8nt Kontor","url":"https:\/\/grontkontor.dk\/","logo":{"@type":"ImageObject","inLanguage":"sv-SE","@id":"https:\/\/grontkontor.dk\/#\/schema\/logo\/image\/","url":"https:\/\/grontkontor.dk\/wp-content\/uploads\/2014\/02\/Logo_groent_kontor_300x80.png","contentUrl":"https:\/\/grontkontor.dk\/wp-content\/uploads\/2014\/02\/Logo_groent_kontor_300x80.png","width":300,"height":80,"caption":"Gr\u00f8nt Kontor"},"image":{"@id":"https:\/\/grontkontor.dk\/#\/schema\/logo\/image\/"},"sameAs":["https:\/\/www.facebook.com\/grontkontor.dk\/"]}]}},"_links":{"self":[{"href":"https:\/\/grontkontor.dk\/sv\/wp-json\/wp\/v2\/product\/82754"}],"collection":[{"href":"https:\/\/grontkontor.dk\/sv\/wp-json\/wp\/v2\/product"}],"about":[{"href":"https:\/\/grontkontor.dk\/sv\/wp-json\/wp\/v2\/types\/product"}],"replies":[{"embeddable":true,"href":"https:\/\/grontkontor.dk\/sv\/wp-json\/wp\/v2\/comments?post=82754"}],"wp:featuredmedia":[{"embeddable":true,"href":"https:\/\/grontkontor.dk\/sv\/wp-json\/wp\/v2\/media\/82779"}],"wp:attachment":[{"href":"https:\/\/grontkontor.dk\/sv\/wp-json\/wp\/v2\/media?parent=82754"}],"wp:term":[{"taxonomy":"product_cat","embeddable":true,"href":"https:\/\/grontkontor.dk\/sv\/wp-json\/wp\/v2\/product_cat?post=82754"},{"taxonomy":"product_tag","embeddable":true,"href":"https:\/\/grontkontor.dk\/sv\/wp-json\/wp\/v2\/product_tag?post=82754"}],"curies":[{"name":"wp","href":"https:\/\/api.w.org\/{rel}","templated":true}]}}