{"id":82817,"date":"2025-04-03T12:19:39","date_gmt":"2024-03-19T14:19:41","guid":{"rendered":"https:\/\/grontkontor.dk\/?post_type=product&#038;p=82817"},"modified":"2025-11-06T10:08:00","modified_gmt":"2025-11-06T09:08:00","slug":"polotroja-t-shirt-oekologisk-bomull","status":"publish","type":"product","link":"https:\/\/grontkontor.dk\/sv\/shop\/polotroja-t-shirt-oekologisk-bomull\/","title":{"rendered":"Pik\u00e9tr\u00f6ja i tjock ekologisk bomull utan tryck och brodyr"},"content":{"rendered":"<p>En klassisk pik\u00e9tr\u00f6ja \u00e4r alltid ett s\u00e4kert val n\u00e4r du vill kombinera stil, komfort och omtanke. Denna klimatv\u00e4nliga unisex-pik\u00e9tr\u00f6ja \u00e4r tillverkad av 100% ekologisk bomull, vilket ger en mjuk och sk\u00f6n kvalitet samtidigt som den \u00e4r ett milj\u00f6v\u00e4nligt alternativ till traditionella textilier. Detta g\u00f6r den idealisk som f\u00f6retagskl\u00e4der, g\u00e5vor till anst\u00e4llda eller som en snygg reklamartikel f\u00f6r m\u00e4ssor och evenemang.<br \/>\nPik\u00e9tr\u00f6jan v\u00e4ger 180 g\/m\u00b2 och har en l\u00e4tt men \u00e4nd\u00e5 robust kvalitet som beh\u00e5ller sin form \u2013 \u00e4ven efter upprepad anv\u00e4ndning och tv\u00e4tt. Den finns i storlekar fr\u00e5n XS till XXL och kan best\u00e4llas i blandade f\u00e4rger och storlekar, vilket ger dig en flexibel l\u00f6sning som passar alla i ditt team. Minsta best\u00e4llning \u00e4r 25 stycken, vilket g\u00f6r det enkelt att kl\u00e4 b\u00e5de sm\u00e5 och stora grupper.<x id=\"gid_1\"><\/x>Pik\u00e9tr\u00f6jan kan levereras med logotryck i upp till fyra f\u00e4rger beroende p\u00e5 tryckmetod eller med brodyr om du vill ha en mer exklusiv och h\u00e5llbar look. N\u00e4r din logotyp placeras p\u00e5 en klimatv\u00e4nlig pik\u00e9tr\u00f6ja f\u00e5r du inte bara en effektiv profilering \u2013 du skickar ocks\u00e5 en tydlig signal om ansvar och gr\u00f6na v\u00e4rden.<x id=\"gid_2\"><\/x>Denna milj\u00f6v\u00e4nliga pik\u00e9tr\u00f6ja i ekologisk bomull \u00e4r d\u00e4rf\u00f6r mer \u00e4n bara en klassisk del av garderoben. Det \u00e4r ett bevis p\u00e5 att profilkl\u00e4der kan vara b\u00e5de klimatv\u00e4nliga, funktionella och snygga p\u00e5 samma g\u00e5ng.<br \/>\nBestil uforpligtende tilbud p\u00e5 broderi hos <a class=\"light\" href=\"mailto:jens@grontkontor.dk\">jens@grontkontor.dk<\/a><\/p>\nBomull \u00e4r en naturprodukt och en av v\u00e4rldens \u00e4ldsta handels- och jordbruksvaror. Denna produkt \u00e4r en av mycket f\u00e5 som vi valt till v\u00e5rt sortiment endast p\u00e5 grund av den unika designen. F\u00f6r ett mer h\u00e5llbart val vill vi rekomendera ekologisk eller \u00e5tervunnen bomull ist\u00e4llet. Alla v\u00e5ra produkter fr\u00e5n Indien och liknande l\u00e4nder \u00e4r certificerade f\u00f6r arbetskraft. \nGOTS certificeringen \u00e4r en garanti f\u00f6r, att dina kl\u00e4der \u00e4r producerade ekologiskt och milj\u00f6m\u00e4ssigt korrekt under ordentgliga l\u00f6n- och arbetsf\u00f6rh\u00e5llanden. \n<p>&amp;nbsp;<\/p>\n<a href=\"https:\/\/www.eco-branding.dk\/miljoemaerkning\/gots.aspx\" rel=\"noopener\" target=\"_blank\"><img loading=\"lazy\" decoding=\"async\" class=\"size-full wp-image-12808\" src=\"https:\/\/grontkontor.dk\/wp-content\/uploads\/2019\/04\/gots-certificeret.jpg\" \n   alt=\"Gots certificeret - din garanti for, at produktet indeholder mindst 70% ?kologisk bomuld\"  description=\"Gots certificeret - din garanti for, at produktet indeholder mindst 70% ?kologisk bomuld\" width=\"50\" height=\"50\" \n\t border=0 \/><\/a>\n","protected":false},"excerpt":{"rendered":"<p>En klassisk pik\u00e9tr\u00f6ja \u00e4r alltid ett s\u00e4kert val n\u00e4r du vill kombinera stil, komfort och omtanke. Denna klimatv\u00e4nliga unisex-pik\u00e9tr\u00f6ja \u00e4r tillverkad av 100% ekologisk bomull, vilket ger en mjuk och sk\u00f6n kvalitet samtidigt som den \u00e4r ett milj\u00f6v\u00e4nligt alternativ till traditionella textilier. Detta g\u00f6r den idealisk som f\u00f6retagskl\u00e4der, g\u00e5vor till anst\u00e4llda eller som en snygg [&hellip;]<\/p>\n","protected":false},"featured_media":82852,"comment_status":"closed","ping_status":"closed","template":"","meta":{"_acf_changed":false},"product_cat":[4841,2450,867,2394],"product_tag":[4883],"class_list":{"0":"post-82817","1":"product","2":"type-product","3":"status-publish","4":"has-post-thumbnail","6":"product_cat-t-shirts-sweatshirts-och-piketroejor","7":"product_cat-dummy-moq-10-50-sv","8":"product_cat-miljovaenliga-foretagspresenter","9":"product_cat-nyheter","10":"product_tag-piketroeja","11":"pa_farve-blaa-sv","12":"pa_farve-groen-sv","13":"pa_farve-gul-sv","14":"pa_farve-lilla-sv","15":"pa_farve-natur-sv","16":"tm-has-styled-variations","17":"tm-has-options","19":"first","20":"instock","21":"taxable","22":"shipping-taxable","23":"purchasable","24":"product-type-simple"},"acf":[],"yoast_head":"<!-- This site is optimized with the Yoast SEO Premium plugin v21.2 (Yoast SEO v21.2) - https:\/\/yoast.com\/wordpress\/plugins\/seo\/ -->\n<title>Pik\u00e9tr\u00f6ja i tjock ekologisk bomull utan tryck och brodyr - Gr\u00f8nt Kontor<\/title>\n<meta name=\"description\" content=\"Klimatsmart pik\u00e9tr\u00f6ja i 100% ekologisk bomull. Milj\u00f6v\u00e4nliga profilkl\u00e4der i m\u00e5nga storlekar. Levereras med logotyptryck och broderi. Min. 25 delar.\" \/>\n<meta name=\"robots\" content=\"index, follow, max-snippet:-1, max-image-preview:large, max-video-preview:-1\" \/>\n<link rel=\"canonical\" href=\"https:\/\/grontkontor.dk\/sv\/shop\/polotroja-t-shirt-oekologisk-bomull\/\" \/>\n<meta property=\"og:locale\" content=\"sv_SE\" \/>\n<meta property=\"og:type\" content=\"article\" \/>\n<meta property=\"og:title\" content=\"Pik\u00e9tr\u00f6ja i tjock ekologisk bomull utan tryck och brodyr\" \/>\n<meta property=\"og:description\" content=\"Klimatsmart pik\u00e9tr\u00f6ja i 100% ekologisk bomull. Milj\u00f6v\u00e4nliga profilkl\u00e4der i m\u00e5nga storlekar. Levereras med logotyptryck och broderi. Min. 25 delar.\" \/>\n<meta property=\"og:url\" content=\"https:\/\/grontkontor.dk\/sv\/shop\/polotroja-t-shirt-oekologisk-bomull\/\" \/>\n<meta property=\"og:site_name\" content=\"Gr\u00f8nt Kontor\" \/>\n<meta property=\"article:publisher\" content=\"https:\/\/www.facebook.com\/grontkontor.dk\/\" \/>\n<meta property=\"article:modified_time\" content=\"2025-11-06T09:08:00+00:00\" \/>\n<meta property=\"og:image\" content=\"https:\/\/grontkontor.dk\/wp-content\/uploads\/2024\/03\/Klimavenlig-polo-pastel-unisex-collage.jpg\" \/>\n\t<meta property=\"og:image:width\" content=\"900\" \/>\n\t<meta property=\"og:image:height\" content=\"639\" \/>\n\t<meta property=\"og:image:type\" content=\"image\/jpeg\" \/>\n<meta name=\"twitter:card\" content=\"summary_large_image\" \/>\n<meta name=\"twitter:label1\" content=\"Ber\u00e4knad l\u00e4stid\" \/>\n\t<meta name=\"twitter:data1\" content=\"1 minut\" \/>\n<script type=\"application\/ld+json\" class=\"yoast-schema-graph\">{\"@context\":\"https:\/\/schema.org\",\"@graph\":[{\"@type\":\"WebPage\",\"@id\":\"https:\/\/grontkontor.dk\/sv\/shop\/polotroja-t-shirt-oekologisk-bomull\/\",\"url\":\"https:\/\/grontkontor.dk\/sv\/shop\/polotroja-t-shirt-oekologisk-bomull\/\",\"name\":\"Pik\u00e9tr\u00f6ja i tjock ekologisk bomull utan tryck och brodyr - Gr\u00f8nt Kontor\",\"isPartOf\":{\"@id\":\"https:\/\/grontkontor.dk\/#website\"},\"datePublished\":\"2024-03-19T14:19:41+00:00\",\"dateModified\":\"2025-11-06T09:08:00+00:00\",\"description\":\"Klimatsmart pik\u00e9tr\u00f6ja i 100% ekologisk bomull. Milj\u00f6v\u00e4nliga profilkl\u00e4der i m\u00e5nga storlekar. Levereras med logotyptryck och broderi. Min. 25 delar.\",\"breadcrumb\":{\"@id\":\"https:\/\/grontkontor.dk\/sv\/shop\/polotroja-t-shirt-oekologisk-bomull\/#breadcrumb\"},\"inLanguage\":\"sv-SE\",\"potentialAction\":[{\"@type\":\"ReadAction\",\"target\":[\"https:\/\/grontkontor.dk\/sv\/shop\/polotroja-t-shirt-oekologisk-bomull\/\"]}]},{\"@type\":\"BreadcrumbList\",\"@id\":\"https:\/\/grontkontor.dk\/sv\/shop\/polotroja-t-shirt-oekologisk-bomull\/#breadcrumb\",\"itemListElement\":[{\"@type\":\"ListItem\",\"position\":1,\"name\":\"Forside\",\"item\":\"https:\/\/grontkontor.dk\/\"},{\"@type\":\"ListItem\",\"position\":2,\"name\":\"Shop\",\"item\":\"https:\/\/grontkontor.dk\/sv\/shop\/\"},{\"@type\":\"ListItem\",\"position\":3,\"name\":\"Dummy MOQ 10-50\",\"item\":\"https:\/\/grontkontor.dk\/sv\/produkt-kategori\/dummy-moq-10-50-sv\/\"},{\"@type\":\"ListItem\",\"position\":4,\"name\":\"Pik\u00e9tr\u00f6ja i tjock ekologisk bomull utan tryck och brodyr\"}]},{\"@type\":\"WebSite\",\"@id\":\"https:\/\/grontkontor.dk\/#website\",\"url\":\"https:\/\/grontkontor.dk\/\",\"name\":\"Gr\u00f8nt Kontor\",\"description\":\"Milj\u00f8venlige produkter til kontor og erhverv med fokus p\u00e5 b\u00e6redygtighed, design og fair trade.\",\"publisher\":{\"@id\":\"https:\/\/grontkontor.dk\/#organization\"},\"potentialAction\":[{\"@type\":\"SearchAction\",\"target\":{\"@type\":\"EntryPoint\",\"urlTemplate\":\"https:\/\/grontkontor.dk\/?s={search_term_string}\"},\"query-input\":\"required name=search_term_string\"}],\"inLanguage\":\"sv-SE\"},{\"@type\":\"Organization\",\"@id\":\"https:\/\/grontkontor.dk\/#organization\",\"name\":\"Gr\u00f8nt Kontor\",\"url\":\"https:\/\/grontkontor.dk\/\",\"logo\":{\"@type\":\"ImageObject\",\"inLanguage\":\"sv-SE\",\"@id\":\"https:\/\/grontkontor.dk\/#\/schema\/logo\/image\/\",\"url\":\"https:\/\/grontkontor.dk\/wp-content\/uploads\/2014\/02\/Logo_groent_kontor_300x80.png\",\"contentUrl\":\"https:\/\/grontkontor.dk\/wp-content\/uploads\/2014\/02\/Logo_groent_kontor_300x80.png\",\"width\":300,\"height\":80,\"caption\":\"Gr\u00f8nt Kontor\"},\"image\":{\"@id\":\"https:\/\/grontkontor.dk\/#\/schema\/logo\/image\/\"},\"sameAs\":[\"https:\/\/www.facebook.com\/grontkontor.dk\/\"]}]}<\/script>\n<!-- \/ Yoast SEO Premium plugin. -->","yoast_head_json":{"title":"Pik\u00e9tr\u00f6ja i tjock ekologisk bomull utan tryck och brodyr - Gr\u00f8nt Kontor","description":"Klimatsmart pik\u00e9tr\u00f6ja i 100% ekologisk bomull. Milj\u00f6v\u00e4nliga profilkl\u00e4der i m\u00e5nga storlekar. Levereras med logotyptryck och broderi. Min. 25 delar.","robots":{"index":"index","follow":"follow","max-snippet":"max-snippet:-1","max-image-preview":"max-image-preview:large","max-video-preview":"max-video-preview:-1"},"canonical":"https:\/\/grontkontor.dk\/sv\/shop\/polotroja-t-shirt-oekologisk-bomull\/","og_locale":"sv_SE","og_type":"article","og_title":"Pik\u00e9tr\u00f6ja i tjock ekologisk bomull utan tryck och brodyr","og_description":"Klimatsmart pik\u00e9tr\u00f6ja i 100% ekologisk bomull. Milj\u00f6v\u00e4nliga profilkl\u00e4der i m\u00e5nga storlekar. Levereras med logotyptryck och broderi. Min. 25 delar.","og_url":"https:\/\/grontkontor.dk\/sv\/shop\/polotroja-t-shirt-oekologisk-bomull\/","og_site_name":"Gr\u00f8nt Kontor","article_publisher":"https:\/\/www.facebook.com\/grontkontor.dk\/","article_modified_time":"2025-11-06T09:08:00+00:00","og_image":[{"width":900,"height":639,"url":"https:\/\/grontkontor.dk\/wp-content\/uploads\/2024\/03\/Klimavenlig-polo-pastel-unisex-collage.jpg","type":"image\/jpeg"}],"twitter_card":"summary_large_image","twitter_misc":{"Ber\u00e4knad l\u00e4stid":"1 minut"},"schema":{"@context":"https:\/\/schema.org","@graph":[{"@type":"WebPage","@id":"https:\/\/grontkontor.dk\/sv\/shop\/polotroja-t-shirt-oekologisk-bomull\/","url":"https:\/\/grontkontor.dk\/sv\/shop\/polotroja-t-shirt-oekologisk-bomull\/","name":"Pik\u00e9tr\u00f6ja i tjock ekologisk bomull utan tryck och brodyr - Gr\u00f8nt Kontor","isPartOf":{"@id":"https:\/\/grontkontor.dk\/#website"},"datePublished":"2024-03-19T14:19:41+00:00","dateModified":"2025-11-06T09:08:00+00:00","description":"Klimatsmart pik\u00e9tr\u00f6ja i 100% ekologisk bomull. Milj\u00f6v\u00e4nliga profilkl\u00e4der i m\u00e5nga storlekar. Levereras med logotyptryck och broderi. Min. 25 delar.","breadcrumb":{"@id":"https:\/\/grontkontor.dk\/sv\/shop\/polotroja-t-shirt-oekologisk-bomull\/#breadcrumb"},"inLanguage":"sv-SE","potentialAction":[{"@type":"ReadAction","target":["https:\/\/grontkontor.dk\/sv\/shop\/polotroja-t-shirt-oekologisk-bomull\/"]}]},{"@type":"BreadcrumbList","@id":"https:\/\/grontkontor.dk\/sv\/shop\/polotroja-t-shirt-oekologisk-bomull\/#breadcrumb","itemListElement":[{"@type":"ListItem","position":1,"name":"Forside","item":"https:\/\/grontkontor.dk\/"},{"@type":"ListItem","position":2,"name":"Shop","item":"https:\/\/grontkontor.dk\/sv\/shop\/"},{"@type":"ListItem","position":3,"name":"Dummy MOQ 10-50","item":"https:\/\/grontkontor.dk\/sv\/produkt-kategori\/dummy-moq-10-50-sv\/"},{"@type":"ListItem","position":4,"name":"Pik\u00e9tr\u00f6ja i tjock ekologisk bomull utan tryck och brodyr"}]},{"@type":"WebSite","@id":"https:\/\/grontkontor.dk\/#website","url":"https:\/\/grontkontor.dk\/","name":"Gr\u00f8nt Kontor","description":"Milj\u00f8venlige produkter til kontor og erhverv med fokus p\u00e5 b\u00e6redygtighed, design og fair trade.","publisher":{"@id":"https:\/\/grontkontor.dk\/#organization"},"potentialAction":[{"@type":"SearchAction","target":{"@type":"EntryPoint","urlTemplate":"https:\/\/grontkontor.dk\/?s={search_term_string}"},"query-input":"required name=search_term_string"}],"inLanguage":"sv-SE"},{"@type":"Organization","@id":"https:\/\/grontkontor.dk\/#organization","name":"Gr\u00f8nt Kontor","url":"https:\/\/grontkontor.dk\/","logo":{"@type":"ImageObject","inLanguage":"sv-SE","@id":"https:\/\/grontkontor.dk\/#\/schema\/logo\/image\/","url":"https:\/\/grontkontor.dk\/wp-content\/uploads\/2014\/02\/Logo_groent_kontor_300x80.png","contentUrl":"https:\/\/grontkontor.dk\/wp-content\/uploads\/2014\/02\/Logo_groent_kontor_300x80.png","width":300,"height":80,"caption":"Gr\u00f8nt Kontor"},"image":{"@id":"https:\/\/grontkontor.dk\/#\/schema\/logo\/image\/"},"sameAs":["https:\/\/www.facebook.com\/grontkontor.dk\/"]}]}},"_links":{"self":[{"href":"https:\/\/grontkontor.dk\/sv\/wp-json\/wp\/v2\/product\/82817"}],"collection":[{"href":"https:\/\/grontkontor.dk\/sv\/wp-json\/wp\/v2\/product"}],"about":[{"href":"https:\/\/grontkontor.dk\/sv\/wp-json\/wp\/v2\/types\/product"}],"replies":[{"embeddable":true,"href":"https:\/\/grontkontor.dk\/sv\/wp-json\/wp\/v2\/comments?post=82817"}],"wp:featuredmedia":[{"embeddable":true,"href":"https:\/\/grontkontor.dk\/sv\/wp-json\/wp\/v2\/media\/82852"}],"wp:attachment":[{"href":"https:\/\/grontkontor.dk\/sv\/wp-json\/wp\/v2\/media?parent=82817"}],"wp:term":[{"taxonomy":"product_cat","embeddable":true,"href":"https:\/\/grontkontor.dk\/sv\/wp-json\/wp\/v2\/product_cat?post=82817"},{"taxonomy":"product_tag","embeddable":true,"href":"https:\/\/grontkontor.dk\/sv\/wp-json\/wp\/v2\/product_tag?post=82817"}],"curies":[{"name":"wp","href":"https:\/\/api.w.org\/{rel}","templated":true}]}}