{"id":83274,"date":"2024-03-26T10:30:40","date_gmt":"2024-03-26T09:30:40","guid":{"rendered":"https:\/\/grontkontor.dk\/?post_type=product&#038;p=83274"},"modified":"2024-09-04T10:11:34","modified_gmt":"2024-09-04T08:11:34","slug":"vattenflaska-i-atervunnen-aluminium","status":"publish","type":"product","link":"https:\/\/grontkontor.dk\/sv\/shop\/vattenflaska-i-atervunnen-aluminium\/","title":{"rendered":"Vattenflaska i \u00e5tervunnet aluminium"},"content":{"rendered":"<p>Flaska med en kapacitet p\u00e5 550 ml. Tillverkad av milj\u00f6v\u00e4nligt \u00e5tervunnet aluminium. Satinfinish, inkluderar unik, flaskan \u00e4r BPA-fri, skruvlock med bambudetalj. \u00c5tervunnet aluminium \u00e4r ett material som kan \u00e5tervinnas n\u00e4stan o\u00e4ndligt utan att f\u00f6rlora sina ursprungliga egenskaper. \u00c5tervunnet aluminium f\u00f6rbrukar mindre energi och f\u00e4rre skadliga \u00e4mnen i tillverkningsprocessen j\u00e4mf\u00f6rt med traditionellt aluminium.<\/p>\nBambu \u00e4r biologiskt nedbrytbart och d\u00e4rf\u00f6r ett fantastiskt material n\u00e4r det kommer till h\u00e5llbarhet. Den har en extremt snabb \u00e5terv\u00e4xt efter sk\u00f6rd. Banbu fungerar, precis som andra naturprodukter, som ett CO2 dep\u00e5 under hela sin livsdid. \n<p><img loading=\"lazy\" decoding=\"async\" src=\"https:\/\/grontkontor.dk\/wp-content\/uploads\/2021\/02\/genbrug.jpg\" alt=\"Fremstillet af genbrugsmaterialer\" width=\"50\" height=\"50\" class=\"size-full wp-image-23031\" srcset=\"https:\/\/grontkontor.dk\/wp-content\/uploads\/2021\/02\/genbrug.jpg 199w, https:\/\/grontkontor.dk\/wp-content\/uploads\/2021\/02\/genbrug-100x100.jpg 100w\" sizes=\"(max-width: 50px) 100vw, 50px\" \/> <span style=\"font-family: Arial, sans-serif;\"><span style=\"font-size: medium;\"><a href=\"https:\/\/textileexchange.org\/standards\/recycled-claim-standard-global-recycled-standard\/\"><img loading=\"lazy\" decoding=\"async\" src=\"https:\/\/grontkontor.dk\/wp-content\/uploads\/2021\/06\/global-recycled-standard-1.jpg\" alt=\"Global recycled standard\" width=\"50\" height=\"50\" class=\"size-full wp-image-25504\" \/> <\/a><\/span><\/span><\/p>\n<p>&nbsp;<\/p>\n","protected":false},"excerpt":{"rendered":"<p>Flaska med en kapacitet p\u00e5 550 ml. Tillverkad av milj\u00f6v\u00e4nligt \u00e5tervunnet aluminium. Satinfinish, inkluderar unik, flaskan \u00e4r BPA-fri, skruvlock med bambudetalj. \u00c5tervunnet aluminium \u00e4r ett material som kan \u00e5tervinnas n\u00e4stan o\u00e4ndligt utan att f\u00f6rlora sina ursprungliga egenskaper. \u00c5tervunnet aluminium f\u00f6rbrukar mindre energi och f\u00e4rre skadliga \u00e4mnen i tillverkningsprocessen j\u00e4mf\u00f6rt med traditionellt aluminium. &nbsp;<\/p>\n","protected":false},"featured_media":83295,"comment_status":"closed","ping_status":"closed","template":"","meta":{"_acf_changed":false},"product_cat":[4399,2107,2233,2394,2003],"product_tag":[2960,1897,1898,2961],"class_list":{"0":"post-83274","1":"product","2":"type-product","3":"status-publish","4":"has-post-thumbnail","6":"product_cat-termoser-och-vattenflaskor","7":"product_cat-dummy-moq-1-sv","8":"product_cat-mat-och-dryck","9":"product_cat-nyheter","10":"product_cat-drikkedunke-og-termoflasker-sv","11":"product_tag-dricksflaskor","12":"product_tag-drikkedunk-sv","13":"product_tag-vandflaske-sv","14":"product_tag-vattenflaskor","15":"pa_farve-blaa-sv","16":"pa_farve-roed-sv","17":"pa_farve-sort-sv","18":"pa_farve-soelv-sv","19":"pa_farve-hvid-sv","20":"tm-has-options","22":"first","23":"instock","24":"taxable","25":"shipping-taxable","26":"purchasable","27":"product-type-variable","28":"has-default-attributes"},"acf":[],"yoast_head":"<!-- This site is optimized with the Yoast SEO Premium plugin v21.2 (Yoast SEO v21.2) - https:\/\/yoast.com\/wordpress\/plugins\/seo\/ -->\n<title>Vattenflaska i \u00e5tervunnet aluminium - Gr\u00f8nt Kontor<\/title>\n<meta name=\"robots\" content=\"index, follow, max-snippet:-1, max-image-preview:large, max-video-preview:-1\" \/>\n<link rel=\"canonical\" href=\"https:\/\/grontkontor.dk\/shop\/vandflaske-i-genanvendt-aluminium\/\" \/>\n<meta property=\"og:locale\" content=\"sv_SE\" \/>\n<meta property=\"og:type\" content=\"article\" \/>\n<meta property=\"og:title\" content=\"Vattenflaska i \u00e5tervunnet aluminium\" \/>\n<meta property=\"og:description\" content=\"Flaska med en kapacitet p\u00e5 550 ml. Tillverkad av milj\u00f6v\u00e4nligt \u00e5tervunnet aluminium. Satinfinish, inkluderar unik, flaskan \u00e4r BPA-fri, skruvlock med bambudetalj. \u00c5tervunnet aluminium \u00e4r ett material som kan \u00e5tervinnas n\u00e4stan o\u00e4ndligt utan att f\u00f6rlora sina ursprungliga egenskaper. \u00c5tervunnet aluminium f\u00f6rbrukar mindre energi och f\u00e4rre skadliga \u00e4mnen i tillverkningsprocessen j\u00e4mf\u00f6rt med traditionellt aluminium. &nbsp;\" \/>\n<meta property=\"og:url\" content=\"https:\/\/grontkontor.dk\/shop\/vandflaske-i-genanvendt-aluminium\/\" \/>\n<meta property=\"og:site_name\" content=\"Gr\u00f8nt Kontor\" \/>\n<meta property=\"article:publisher\" content=\"https:\/\/www.facebook.com\/grontkontor.dk\/\" \/>\n<meta property=\"article:modified_time\" content=\"2024-09-04T08:11:34+00:00\" \/>\n<meta property=\"og:image\" content=\"https:\/\/grontkontor.dk\/wp-content\/uploads\/2024\/03\/Klimavenlig-genanvendt-aluminium-flasker.jpg\" \/>\n\t<meta property=\"og:image:width\" content=\"900\" \/>\n\t<meta property=\"og:image:height\" content=\"639\" \/>\n\t<meta property=\"og:image:type\" content=\"image\/jpeg\" \/>\n<meta name=\"twitter:card\" content=\"summary_large_image\" \/>\n<meta name=\"twitter:label1\" content=\"Ber\u00e4knad l\u00e4stid\" \/>\n\t<meta name=\"twitter:data1\" content=\"1 minut\" \/>\n<script type=\"application\/ld+json\" class=\"yoast-schema-graph\">{\"@context\":\"https:\/\/schema.org\",\"@graph\":[{\"@type\":\"WebPage\",\"@id\":\"https:\/\/grontkontor.dk\/shop\/vandflaske-i-genanvendt-aluminium\/\",\"url\":\"https:\/\/grontkontor.dk\/shop\/vandflaske-i-genanvendt-aluminium\/\",\"name\":\"Vattenflaska i \u00e5tervunnet aluminium - Gr\u00f8nt Kontor\",\"isPartOf\":{\"@id\":\"https:\/\/grontkontor.dk\/#website\"},\"datePublished\":\"2024-03-26T09:30:40+00:00\",\"dateModified\":\"2024-09-04T08:11:34+00:00\",\"breadcrumb\":{\"@id\":\"https:\/\/grontkontor.dk\/shop\/vandflaske-i-genanvendt-aluminium\/#breadcrumb\"},\"inLanguage\":\"sv-SE\",\"potentialAction\":[{\"@type\":\"ReadAction\",\"target\":[\"https:\/\/grontkontor.dk\/shop\/vandflaske-i-genanvendt-aluminium\/\"]}]},{\"@type\":\"BreadcrumbList\",\"@id\":\"https:\/\/grontkontor.dk\/shop\/vandflaske-i-genanvendt-aluminium\/#breadcrumb\",\"itemListElement\":[{\"@type\":\"ListItem\",\"position\":1,\"name\":\"Forside\",\"item\":\"https:\/\/grontkontor.dk\/\"},{\"@type\":\"ListItem\",\"position\":2,\"name\":\"Shop\",\"item\":\"https:\/\/grontkontor.dk\/sv\/shop\/\"},{\"@type\":\"ListItem\",\"position\":3,\"name\":\"Klimatsmarta f\u00f6retagspresenter\",\"item\":\"https:\/\/grontkontor.dk\/sv\/produkt-kategori\/miljovaenliga-foretagspresenter\/\"},{\"@type\":\"ListItem\",\"position\":4,\"name\":\"Termoser och vattenflaskor\",\"item\":\"https:\/\/grontkontor.dk\/sv\/produkt-kategori\/miljovaenliga-foretagspresenter\/termoser-och-vattenflaskor\/\"},{\"@type\":\"ListItem\",\"position\":5,\"name\":\"Vattenflaska i \u00e5tervunnet aluminium\"}]},{\"@type\":\"WebSite\",\"@id\":\"https:\/\/grontkontor.dk\/#website\",\"url\":\"https:\/\/grontkontor.dk\/\",\"name\":\"Gr\u00f8nt Kontor\",\"description\":\"Milj\u00f8venlige produkter til kontor og erhverv med fokus p\u00e5 b\u00e6redygtighed, design og fair trade.\",\"publisher\":{\"@id\":\"https:\/\/grontkontor.dk\/#organization\"},\"potentialAction\":[{\"@type\":\"SearchAction\",\"target\":{\"@type\":\"EntryPoint\",\"urlTemplate\":\"https:\/\/grontkontor.dk\/?s={search_term_string}\"},\"query-input\":\"required name=search_term_string\"}],\"inLanguage\":\"sv-SE\"},{\"@type\":\"Organization\",\"@id\":\"https:\/\/grontkontor.dk\/#organization\",\"name\":\"Gr\u00f8nt Kontor\",\"url\":\"https:\/\/grontkontor.dk\/\",\"logo\":{\"@type\":\"ImageObject\",\"inLanguage\":\"sv-SE\",\"@id\":\"https:\/\/grontkontor.dk\/#\/schema\/logo\/image\/\",\"url\":\"https:\/\/grontkontor.dk\/wp-content\/uploads\/2014\/02\/Logo_groent_kontor_300x80.png\",\"contentUrl\":\"https:\/\/grontkontor.dk\/wp-content\/uploads\/2014\/02\/Logo_groent_kontor_300x80.png\",\"width\":300,\"height\":80,\"caption\":\"Gr\u00f8nt Kontor\"},\"image\":{\"@id\":\"https:\/\/grontkontor.dk\/#\/schema\/logo\/image\/\"},\"sameAs\":[\"https:\/\/www.facebook.com\/grontkontor.dk\/\"]}]}<\/script>\n<!-- \/ Yoast SEO Premium plugin. -->","yoast_head_json":{"title":"Vattenflaska i \u00e5tervunnet aluminium - Gr\u00f8nt Kontor","robots":{"index":"index","follow":"follow","max-snippet":"max-snippet:-1","max-image-preview":"max-image-preview:large","max-video-preview":"max-video-preview:-1"},"canonical":"https:\/\/grontkontor.dk\/shop\/vandflaske-i-genanvendt-aluminium\/","og_locale":"sv_SE","og_type":"article","og_title":"Vattenflaska i \u00e5tervunnet aluminium","og_description":"Flaska med en kapacitet p\u00e5 550 ml. Tillverkad av milj\u00f6v\u00e4nligt \u00e5tervunnet aluminium. Satinfinish, inkluderar unik, flaskan \u00e4r BPA-fri, skruvlock med bambudetalj. \u00c5tervunnet aluminium \u00e4r ett material som kan \u00e5tervinnas n\u00e4stan o\u00e4ndligt utan att f\u00f6rlora sina ursprungliga egenskaper. \u00c5tervunnet aluminium f\u00f6rbrukar mindre energi och f\u00e4rre skadliga \u00e4mnen i tillverkningsprocessen j\u00e4mf\u00f6rt med traditionellt aluminium. &nbsp;","og_url":"https:\/\/grontkontor.dk\/shop\/vandflaske-i-genanvendt-aluminium\/","og_site_name":"Gr\u00f8nt Kontor","article_publisher":"https:\/\/www.facebook.com\/grontkontor.dk\/","article_modified_time":"2024-09-04T08:11:34+00:00","og_image":[{"width":900,"height":639,"url":"https:\/\/grontkontor.dk\/wp-content\/uploads\/2024\/03\/Klimavenlig-genanvendt-aluminium-flasker.jpg","type":"image\/jpeg"}],"twitter_card":"summary_large_image","twitter_misc":{"Ber\u00e4knad l\u00e4stid":"1 minut"},"schema":{"@context":"https:\/\/schema.org","@graph":[{"@type":"WebPage","@id":"https:\/\/grontkontor.dk\/shop\/vandflaske-i-genanvendt-aluminium\/","url":"https:\/\/grontkontor.dk\/shop\/vandflaske-i-genanvendt-aluminium\/","name":"Vattenflaska i \u00e5tervunnet aluminium - Gr\u00f8nt Kontor","isPartOf":{"@id":"https:\/\/grontkontor.dk\/#website"},"datePublished":"2024-03-26T09:30:40+00:00","dateModified":"2024-09-04T08:11:34+00:00","breadcrumb":{"@id":"https:\/\/grontkontor.dk\/shop\/vandflaske-i-genanvendt-aluminium\/#breadcrumb"},"inLanguage":"sv-SE","potentialAction":[{"@type":"ReadAction","target":["https:\/\/grontkontor.dk\/shop\/vandflaske-i-genanvendt-aluminium\/"]}]},{"@type":"BreadcrumbList","@id":"https:\/\/grontkontor.dk\/shop\/vandflaske-i-genanvendt-aluminium\/#breadcrumb","itemListElement":[{"@type":"ListItem","position":1,"name":"Forside","item":"https:\/\/grontkontor.dk\/"},{"@type":"ListItem","position":2,"name":"Shop","item":"https:\/\/grontkontor.dk\/sv\/shop\/"},{"@type":"ListItem","position":3,"name":"Klimatsmarta f\u00f6retagspresenter","item":"https:\/\/grontkontor.dk\/sv\/produkt-kategori\/miljovaenliga-foretagspresenter\/"},{"@type":"ListItem","position":4,"name":"Termoser och vattenflaskor","item":"https:\/\/grontkontor.dk\/sv\/produkt-kategori\/miljovaenliga-foretagspresenter\/termoser-och-vattenflaskor\/"},{"@type":"ListItem","position":5,"name":"Vattenflaska i \u00e5tervunnet aluminium"}]},{"@type":"WebSite","@id":"https:\/\/grontkontor.dk\/#website","url":"https:\/\/grontkontor.dk\/","name":"Gr\u00f8nt Kontor","description":"Milj\u00f8venlige produkter til kontor og erhverv med fokus p\u00e5 b\u00e6redygtighed, design og fair trade.","publisher":{"@id":"https:\/\/grontkontor.dk\/#organization"},"potentialAction":[{"@type":"SearchAction","target":{"@type":"EntryPoint","urlTemplate":"https:\/\/grontkontor.dk\/?s={search_term_string}"},"query-input":"required name=search_term_string"}],"inLanguage":"sv-SE"},{"@type":"Organization","@id":"https:\/\/grontkontor.dk\/#organization","name":"Gr\u00f8nt Kontor","url":"https:\/\/grontkontor.dk\/","logo":{"@type":"ImageObject","inLanguage":"sv-SE","@id":"https:\/\/grontkontor.dk\/#\/schema\/logo\/image\/","url":"https:\/\/grontkontor.dk\/wp-content\/uploads\/2014\/02\/Logo_groent_kontor_300x80.png","contentUrl":"https:\/\/grontkontor.dk\/wp-content\/uploads\/2014\/02\/Logo_groent_kontor_300x80.png","width":300,"height":80,"caption":"Gr\u00f8nt Kontor"},"image":{"@id":"https:\/\/grontkontor.dk\/#\/schema\/logo\/image\/"},"sameAs":["https:\/\/www.facebook.com\/grontkontor.dk\/"]}]}},"_links":{"self":[{"href":"https:\/\/grontkontor.dk\/sv\/wp-json\/wp\/v2\/product\/83274"}],"collection":[{"href":"https:\/\/grontkontor.dk\/sv\/wp-json\/wp\/v2\/product"}],"about":[{"href":"https:\/\/grontkontor.dk\/sv\/wp-json\/wp\/v2\/types\/product"}],"replies":[{"embeddable":true,"href":"https:\/\/grontkontor.dk\/sv\/wp-json\/wp\/v2\/comments?post=83274"}],"wp:featuredmedia":[{"embeddable":true,"href":"https:\/\/grontkontor.dk\/sv\/wp-json\/wp\/v2\/media\/83295"}],"wp:attachment":[{"href":"https:\/\/grontkontor.dk\/sv\/wp-json\/wp\/v2\/media?parent=83274"}],"wp:term":[{"taxonomy":"product_cat","embeddable":true,"href":"https:\/\/grontkontor.dk\/sv\/wp-json\/wp\/v2\/product_cat?post=83274"},{"taxonomy":"product_tag","embeddable":true,"href":"https:\/\/grontkontor.dk\/sv\/wp-json\/wp\/v2\/product_tag?post=83274"}],"curies":[{"name":"wp","href":"https:\/\/api.w.org\/{rel}","templated":true}]}}