{"id":83435,"date":"2024-02-13T08:54:55","date_gmt":"2024-04-02T07:20:55","guid":{"rendered":"https:\/\/grontkontor.dk\/?post_type=product&#038;p=83435"},"modified":"2024-05-15T15:52:18","modified_gmt":"2024-05-15T13:52:18","slug":"vita-sangiovese-eco","status":"publish","type":"product","link":"https:\/\/grontkontor.dk\/sv\/shop\/vita-sangiovese-eco\/","title":{"rendered":"Vita Sangiovese ECO"},"content":{"rendered":"<p>Vinet \u00e4r gjort helt p\u00e5 ekologiskt odlade Sangiovese-druvor, direkt fr\u00e5n Siciliens frodiga f\u00e4lt. Den presenterar sig i en i\u00f6gonfallande, klar rubinr\u00f6d f\u00e4rg. N\u00e4r du njuter av detta vin m\u00f6ts du av en rik och inbjudande fruktarom, k\u00e4nnetecknad av mogna k\u00f6rsb\u00e4rstoner. Smakupplevelsen \u00e4r v\u00e4lbalanserad, d\u00e4r en fin harmoni mellan friskhet och mjuk kropp kommer till uttryck. Sammanfattningsvis l\u00e4mnas du med en eftersmak som ger delikata inslag av plommon och jordgubbar.<br \/>\nDetta vin \u00e4r ett perfekt komplement till dina favoritpasta och r\u00e4tter med l\u00e4tt k\u00f6tt.<\/p>\n<p>12% alkohol.<\/p>\n<p>Ett milj\u00f6v\u00e4nligt val f\u00f6r f\u00f6retags- och personalg\u00e5vor.<\/p>\n<p>S\u00e4ljs i f\u00f6rpackningar om 6 st.<\/p>\n<p><img loading=\"lazy\" decoding=\"async\" class=\"size-medium wp-image-21008\" src=\"https:\/\/grontkontor.dk\/wp-content\/uploads\/2020\/11\/eu-flag_1-300x199.jpg\" alt=\"Fremstillet i EU\" width=\"76\" height=\"50\" srcset=\"https:\/\/grontkontor.dk\/wp-content\/uploads\/2020\/11\/eu-flag_1-300x199.jpg 300w, https:\/\/grontkontor.dk\/wp-content\/uploads\/2020\/11\/eu-flag_1.jpg 530w\" sizes=\"(max-width: 76px) 100vw, 76px\" \/> <img decoding=\"async\" class=\"size-medium wp-image-21008\" src=\"https:\/\/grontkontor.dk\/wp-content\/uploads\/2024\/01\/eu_organic_smll.jpg\" alt=\"Fremstillet i EU\" height=\"50\" \/><\/p>\n<p lang=\"da-DK\">\n","protected":false},"excerpt":{"rendered":"<p>Vinet \u00e4r gjort helt p\u00e5 ekologiskt odlade Sangiovese-druvor, direkt fr\u00e5n Siciliens frodiga f\u00e4lt. Den presenterar sig i en i\u00f6gonfallande, klar rubinr\u00f6d f\u00e4rg. N\u00e4r du njuter av detta vin m\u00f6ts du av en rik och inbjudande fruktarom, k\u00e4nnetecknad av mogna k\u00f6rsb\u00e4rstoner. Smakupplevelsen \u00e4r v\u00e4lbalanserad, d\u00e4r en fin harmoni mellan friskhet och mjuk kropp kommer till uttryck. [&hellip;]<\/p>\n","protected":false},"featured_media":83441,"comment_status":"closed","ping_status":"closed","template":"","meta":{"_acf_changed":false},"product_cat":[2653,2652,2651,2631,2394],"product_tag":[2654],"class_list":{"0":"post-83435","1":"product","2":"type-product","3":"status-publish","4":"has-post-thumbnail","6":"product_cat-drycker","7":"product_cat-drycker-oel-vin-och-vatten","8":"product_cat-ekologiska-viner","9":"product_cat-dummy_vin-sv","10":"product_cat-nyheter","11":"product_tag-roett-vin","12":"tm-has-options","14":"first","15":"instock","16":"taxable","17":"shipping-taxable","18":"purchasable","19":"product-type-simple"},"acf":[],"yoast_head":"<!-- This site is optimized with the Yoast SEO Premium plugin v21.2 (Yoast SEO v21.2) - https:\/\/yoast.com\/wordpress\/plugins\/seo\/ -->\n<title>Vita Sangiovese ECO - Gr\u00f8nt Kontor<\/title>\n<meta name=\"robots\" content=\"index, follow, max-snippet:-1, max-image-preview:large, max-video-preview:-1\" \/>\n<link rel=\"canonical\" href=\"https:\/\/grontkontor.dk\/sv\/shop\/vita-sangiovese-eco\/\" \/>\n<meta property=\"og:locale\" content=\"sv_SE\" \/>\n<meta property=\"og:type\" content=\"article\" \/>\n<meta property=\"og:title\" content=\"Vita Sangiovese ECO\" \/>\n<meta property=\"og:description\" content=\"Vinet \u00e4r gjort helt p\u00e5 ekologiskt odlade Sangiovese-druvor, direkt fr\u00e5n Siciliens frodiga f\u00e4lt. Den presenterar sig i en i\u00f6gonfallande, klar rubinr\u00f6d f\u00e4rg. N\u00e4r du njuter av detta vin m\u00f6ts du av en rik och inbjudande fruktarom, k\u00e4nnetecknad av mogna k\u00f6rsb\u00e4rstoner. Smakupplevelsen \u00e4r v\u00e4lbalanserad, d\u00e4r en fin harmoni mellan friskhet och mjuk kropp kommer till uttryck. [&hellip;]\" \/>\n<meta property=\"og:url\" content=\"https:\/\/grontkontor.dk\/sv\/shop\/vita-sangiovese-eco\/\" \/>\n<meta property=\"og:site_name\" content=\"Gr\u00f8nt Kontor\" \/>\n<meta property=\"article:publisher\" content=\"https:\/\/www.facebook.com\/grontkontor.dk\/\" \/>\n<meta property=\"article:modified_time\" content=\"2024-05-15T13:52:18+00:00\" \/>\n<meta property=\"og:image\" content=\"https:\/\/grontkontor.dk\/wp-content\/uploads\/2024\/04\/Oekologisk-roedvin-fra-Italien.jpg\" \/>\n\t<meta property=\"og:image:width\" content=\"900\" \/>\n\t<meta property=\"og:image:height\" content=\"639\" \/>\n\t<meta property=\"og:image:type\" content=\"image\/jpeg\" \/>\n<meta name=\"twitter:card\" content=\"summary_large_image\" \/>\n<meta name=\"twitter:label1\" content=\"Ber\u00e4knad l\u00e4stid\" \/>\n\t<meta name=\"twitter:data1\" content=\"1 minut\" \/>\n<script type=\"application\/ld+json\" class=\"yoast-schema-graph\">{\"@context\":\"https:\/\/schema.org\",\"@graph\":[{\"@type\":\"WebPage\",\"@id\":\"https:\/\/grontkontor.dk\/sv\/shop\/vita-sangiovese-eco\/\",\"url\":\"https:\/\/grontkontor.dk\/sv\/shop\/vita-sangiovese-eco\/\",\"name\":\"Vita Sangiovese ECO - Gr\u00f8nt Kontor\",\"isPartOf\":{\"@id\":\"https:\/\/grontkontor.dk\/#website\"},\"datePublished\":\"2024-04-02T07:20:55+00:00\",\"dateModified\":\"2024-05-15T13:52:18+00:00\",\"breadcrumb\":{\"@id\":\"https:\/\/grontkontor.dk\/sv\/shop\/vita-sangiovese-eco\/#breadcrumb\"},\"inLanguage\":\"sv-SE\",\"potentialAction\":[{\"@type\":\"ReadAction\",\"target\":[\"https:\/\/grontkontor.dk\/sv\/shop\/vita-sangiovese-eco\/\"]}]},{\"@type\":\"BreadcrumbList\",\"@id\":\"https:\/\/grontkontor.dk\/sv\/shop\/vita-sangiovese-eco\/#breadcrumb\",\"itemListElement\":[{\"@type\":\"ListItem\",\"position\":1,\"name\":\"Forside\",\"item\":\"https:\/\/grontkontor.dk\/\"},{\"@type\":\"ListItem\",\"position\":2,\"name\":\"Shop\",\"item\":\"https:\/\/grontkontor.dk\/sv\/shop\/\"},{\"@type\":\"ListItem\",\"position\":3,\"name\":\"Mad og drikke\",\"item\":\"https:\/\/grontkontor.dk\/produkt-kategori\/mad-og-drikke\/\"},{\"@type\":\"ListItem\",\"position\":4,\"name\":\"Drikkevarer - \u00f8l vin og vand\",\"item\":\"https:\/\/grontkontor.dk\/produkt-kategori\/mad-og-drikke\/drikkevarer-oel-vin-og-vand\/\"},{\"@type\":\"ListItem\",\"position\":5,\"name\":\"Vita Sangiovese ECO\"}]},{\"@type\":\"WebSite\",\"@id\":\"https:\/\/grontkontor.dk\/#website\",\"url\":\"https:\/\/grontkontor.dk\/\",\"name\":\"Gr\u00f8nt Kontor\",\"description\":\"Milj\u00f8venlige produkter til kontor og erhverv med fokus p\u00e5 b\u00e6redygtighed, design og fair trade.\",\"publisher\":{\"@id\":\"https:\/\/grontkontor.dk\/#organization\"},\"potentialAction\":[{\"@type\":\"SearchAction\",\"target\":{\"@type\":\"EntryPoint\",\"urlTemplate\":\"https:\/\/grontkontor.dk\/?s={search_term_string}\"},\"query-input\":\"required name=search_term_string\"}],\"inLanguage\":\"sv-SE\"},{\"@type\":\"Organization\",\"@id\":\"https:\/\/grontkontor.dk\/#organization\",\"name\":\"Gr\u00f8nt Kontor\",\"url\":\"https:\/\/grontkontor.dk\/\",\"logo\":{\"@type\":\"ImageObject\",\"inLanguage\":\"sv-SE\",\"@id\":\"https:\/\/grontkontor.dk\/#\/schema\/logo\/image\/\",\"url\":\"https:\/\/grontkontor.dk\/wp-content\/uploads\/2014\/02\/Logo_groent_kontor_300x80.png\",\"contentUrl\":\"https:\/\/grontkontor.dk\/wp-content\/uploads\/2014\/02\/Logo_groent_kontor_300x80.png\",\"width\":300,\"height\":80,\"caption\":\"Gr\u00f8nt Kontor\"},\"image\":{\"@id\":\"https:\/\/grontkontor.dk\/#\/schema\/logo\/image\/\"},\"sameAs\":[\"https:\/\/www.facebook.com\/grontkontor.dk\/\"]}]}<\/script>\n<!-- \/ Yoast SEO Premium plugin. -->","yoast_head_json":{"title":"Vita Sangiovese ECO - Gr\u00f8nt Kontor","robots":{"index":"index","follow":"follow","max-snippet":"max-snippet:-1","max-image-preview":"max-image-preview:large","max-video-preview":"max-video-preview:-1"},"canonical":"https:\/\/grontkontor.dk\/sv\/shop\/vita-sangiovese-eco\/","og_locale":"sv_SE","og_type":"article","og_title":"Vita Sangiovese ECO","og_description":"Vinet \u00e4r gjort helt p\u00e5 ekologiskt odlade Sangiovese-druvor, direkt fr\u00e5n Siciliens frodiga f\u00e4lt. Den presenterar sig i en i\u00f6gonfallande, klar rubinr\u00f6d f\u00e4rg. N\u00e4r du njuter av detta vin m\u00f6ts du av en rik och inbjudande fruktarom, k\u00e4nnetecknad av mogna k\u00f6rsb\u00e4rstoner. Smakupplevelsen \u00e4r v\u00e4lbalanserad, d\u00e4r en fin harmoni mellan friskhet och mjuk kropp kommer till uttryck. [&hellip;]","og_url":"https:\/\/grontkontor.dk\/sv\/shop\/vita-sangiovese-eco\/","og_site_name":"Gr\u00f8nt Kontor","article_publisher":"https:\/\/www.facebook.com\/grontkontor.dk\/","article_modified_time":"2024-05-15T13:52:18+00:00","og_image":[{"width":900,"height":639,"url":"https:\/\/grontkontor.dk\/wp-content\/uploads\/2024\/04\/Oekologisk-roedvin-fra-Italien.jpg","type":"image\/jpeg"}],"twitter_card":"summary_large_image","twitter_misc":{"Ber\u00e4knad l\u00e4stid":"1 minut"},"schema":{"@context":"https:\/\/schema.org","@graph":[{"@type":"WebPage","@id":"https:\/\/grontkontor.dk\/sv\/shop\/vita-sangiovese-eco\/","url":"https:\/\/grontkontor.dk\/sv\/shop\/vita-sangiovese-eco\/","name":"Vita Sangiovese ECO - Gr\u00f8nt Kontor","isPartOf":{"@id":"https:\/\/grontkontor.dk\/#website"},"datePublished":"2024-04-02T07:20:55+00:00","dateModified":"2024-05-15T13:52:18+00:00","breadcrumb":{"@id":"https:\/\/grontkontor.dk\/sv\/shop\/vita-sangiovese-eco\/#breadcrumb"},"inLanguage":"sv-SE","potentialAction":[{"@type":"ReadAction","target":["https:\/\/grontkontor.dk\/sv\/shop\/vita-sangiovese-eco\/"]}]},{"@type":"BreadcrumbList","@id":"https:\/\/grontkontor.dk\/sv\/shop\/vita-sangiovese-eco\/#breadcrumb","itemListElement":[{"@type":"ListItem","position":1,"name":"Forside","item":"https:\/\/grontkontor.dk\/"},{"@type":"ListItem","position":2,"name":"Shop","item":"https:\/\/grontkontor.dk\/sv\/shop\/"},{"@type":"ListItem","position":3,"name":"Mad og drikke","item":"https:\/\/grontkontor.dk\/produkt-kategori\/mad-og-drikke\/"},{"@type":"ListItem","position":4,"name":"Drikkevarer - \u00f8l vin og vand","item":"https:\/\/grontkontor.dk\/produkt-kategori\/mad-og-drikke\/drikkevarer-oel-vin-og-vand\/"},{"@type":"ListItem","position":5,"name":"Vita Sangiovese ECO"}]},{"@type":"WebSite","@id":"https:\/\/grontkontor.dk\/#website","url":"https:\/\/grontkontor.dk\/","name":"Gr\u00f8nt Kontor","description":"Milj\u00f8venlige produkter til kontor og erhverv med fokus p\u00e5 b\u00e6redygtighed, design og fair trade.","publisher":{"@id":"https:\/\/grontkontor.dk\/#organization"},"potentialAction":[{"@type":"SearchAction","target":{"@type":"EntryPoint","urlTemplate":"https:\/\/grontkontor.dk\/?s={search_term_string}"},"query-input":"required name=search_term_string"}],"inLanguage":"sv-SE"},{"@type":"Organization","@id":"https:\/\/grontkontor.dk\/#organization","name":"Gr\u00f8nt Kontor","url":"https:\/\/grontkontor.dk\/","logo":{"@type":"ImageObject","inLanguage":"sv-SE","@id":"https:\/\/grontkontor.dk\/#\/schema\/logo\/image\/","url":"https:\/\/grontkontor.dk\/wp-content\/uploads\/2014\/02\/Logo_groent_kontor_300x80.png","contentUrl":"https:\/\/grontkontor.dk\/wp-content\/uploads\/2014\/02\/Logo_groent_kontor_300x80.png","width":300,"height":80,"caption":"Gr\u00f8nt Kontor"},"image":{"@id":"https:\/\/grontkontor.dk\/#\/schema\/logo\/image\/"},"sameAs":["https:\/\/www.facebook.com\/grontkontor.dk\/"]}]}},"_links":{"self":[{"href":"https:\/\/grontkontor.dk\/sv\/wp-json\/wp\/v2\/product\/83435"}],"collection":[{"href":"https:\/\/grontkontor.dk\/sv\/wp-json\/wp\/v2\/product"}],"about":[{"href":"https:\/\/grontkontor.dk\/sv\/wp-json\/wp\/v2\/types\/product"}],"replies":[{"embeddable":true,"href":"https:\/\/grontkontor.dk\/sv\/wp-json\/wp\/v2\/comments?post=83435"}],"wp:featuredmedia":[{"embeddable":true,"href":"https:\/\/grontkontor.dk\/sv\/wp-json\/wp\/v2\/media\/83441"}],"wp:attachment":[{"href":"https:\/\/grontkontor.dk\/sv\/wp-json\/wp\/v2\/media?parent=83435"}],"wp:term":[{"taxonomy":"product_cat","embeddable":true,"href":"https:\/\/grontkontor.dk\/sv\/wp-json\/wp\/v2\/product_cat?post=83435"},{"taxonomy":"product_tag","embeddable":true,"href":"https:\/\/grontkontor.dk\/sv\/wp-json\/wp\/v2\/product_tag?post=83435"}],"curies":[{"name":"wp","href":"https:\/\/api.w.org\/{rel}","templated":true}]}}