{"id":83591,"date":"2024-04-04T14:35:36","date_gmt":"2024-04-04T12:35:37","guid":{"rendered":"https:\/\/grontkontor.dk\/?post_type=product&#038;p=83591"},"modified":"2024-09-04T09:46:16","modified_gmt":"2024-09-04T07:46:16","slug":"mugg-i-atervunnet-stal","status":"publish","type":"product","link":"https:\/\/grontkontor.dk\/sv\/shop\/mugg-i-atervunnet-stal\/","title":{"rendered":"Mugg i \u00e5tervunnet st\u00e5l"},"content":{"rendered":"<p>Smart och klimatv\u00e4nlig dubbelv\u00e4ggig mugg med en kapacitet p\u00e5 400 ml. Tillverkad av \u00e5tervunnet rostfritt st\u00e5l med tr\u00e4handtag. Med logotyp i \u00e5tervunnet rostfritt st\u00e5l och finns i f\u00e4rgerna bl\u00e5tt, svart och silver. Presenteras i en individuell designl\u00e5da med pappersskydd. St\u00e5l\/j\u00e4rn \u00e4r en \u00e5tranv\u00e4ndbar och i praktiken obegr\u00e4nsad resurs som inte f\u00f6rorenar vid kassering. Produktionen av st\u00e5l \u00e4r i sig sj\u00e4lv inte h\u00e5llbar, d\u00e5 det produceras stora m\u00e4ngder CO2 fr\u00e5n fossila materialer i processen. Men d\u00e4remot har st\u00e5lprodukter en ovanligt l\u00e5ng levnadstid och g\u00f6r det m\u00f6jligt f\u00f6r \u00e5tervinning i det o\u00e4ndliga, vilket sker i s\u00e5 stort utstr\u00e4ckning att absolut st\u00f6rsta delen av allt st\u00e5l p\u00e5 marknaden, i huvudsak, best\u00e5r av \u00e5tervunnet st\u00e5l.  Bambu \u00e4r biologiskt nedbrytbart och d\u00e4rf\u00f6r ett fantastiskt material n\u00e4r det kommer till h\u00e5llbarhet. Den har en extremt snabb \u00e5terv\u00e4xt efter sk\u00f6rd. Banbu fungerar, precis som andra naturprodukter, som ett CO2 dep\u00e5 under hela sin livsdid. <\/p>\n<p>&nbsp;<\/p>\n<img loading=\"lazy\" decoding=\"async\" src=\"https:\/\/grontkontor.dk\/wp-content\/uploads\/2021\/02\/genbrug.jpg\" alt=\"Fremstillet af genbrugsmaterialer\" width=\"50\" height=\"50\" class=\"size-full wp-image-23031\" srcset=\"https:\/\/grontkontor.dk\/wp-content\/uploads\/2021\/02\/genbrug.jpg 199w, https:\/\/grontkontor.dk\/wp-content\/uploads\/2021\/02\/genbrug-100x100.jpg 100w\" sizes=\"(max-width: 50px) 100vw, 50px\" \/>\n<p>&nbsp;<\/p>\n<p>&nbsp;<\/p>\n","protected":false},"excerpt":{"rendered":"<p>Smart och klimatv\u00e4nlig dubbelv\u00e4ggig mugg med en kapacitet p\u00e5 400 ml. Tillverkad av \u00e5tervunnet rostfritt st\u00e5l med tr\u00e4handtag. Med logotyp i \u00e5tervunnet rostfritt st\u00e5l och finns i f\u00e4rgerna bl\u00e5tt, svart och silver. Presenteras i en individuell designl\u00e5da med pappersskydd. &nbsp; &nbsp; &nbsp;<\/p>\n","protected":false},"featured_media":83643,"comment_status":"closed","ping_status":"closed","template":"","meta":{"_acf_changed":false},"product_cat":[4452,2107,2233,1954,2394],"product_tag":[1910],"class_list":{"0":"post-83591","1":"product","2":"type-product","3":"status-publish","4":"has-post-thumbnail","6":"product_cat-muggar-och-koppar-sv","7":"product_cat-dummy-moq-1-sv","8":"product_cat-mat-och-dryck","9":"product_cat-muggar-och-koppar","10":"product_cat-nyheter","11":"product_tag-krus-sv","12":"pa_farve-blaa-sv","13":"pa_farve-sort-sv","14":"pa_farve-soelv-sv","15":"tm-has-options","17":"first","18":"instock","19":"taxable","20":"shipping-taxable","21":"purchasable","22":"product-type-variable","23":"has-default-attributes"},"acf":[],"yoast_head":"<!-- This site is optimized with the Yoast SEO Premium plugin v21.2 (Yoast SEO v21.2) - https:\/\/yoast.com\/wordpress\/plugins\/seo\/ -->\n<title>Mugg i \u00e5tervunnet st\u00e5l - Gr\u00f8nt Kontor<\/title>\n<meta name=\"robots\" content=\"index, follow, max-snippet:-1, max-image-preview:large, max-video-preview:-1\" \/>\n<link rel=\"canonical\" href=\"https:\/\/grontkontor.dk\/shop\/krus-i-genanvendt-staal\/\" \/>\n<meta property=\"og:locale\" content=\"sv_SE\" \/>\n<meta property=\"og:type\" content=\"article\" \/>\n<meta property=\"og:title\" content=\"Mugg i \u00e5tervunnet st\u00e5l\" \/>\n<meta property=\"og:description\" content=\"Smart och klimatv\u00e4nlig dubbelv\u00e4ggig mugg med en kapacitet p\u00e5 400 ml. Tillverkad av \u00e5tervunnet rostfritt st\u00e5l med tr\u00e4handtag. Med logotyp i \u00e5tervunnet rostfritt st\u00e5l och finns i f\u00e4rgerna bl\u00e5tt, svart och silver. Presenteras i en individuell designl\u00e5da med pappersskydd. &nbsp; &nbsp; &nbsp;\" \/>\n<meta property=\"og:url\" content=\"https:\/\/grontkontor.dk\/shop\/krus-i-genanvendt-staal\/\" \/>\n<meta property=\"og:site_name\" content=\"Gr\u00f8nt Kontor\" \/>\n<meta property=\"article:publisher\" content=\"https:\/\/www.facebook.com\/grontkontor.dk\/\" \/>\n<meta property=\"article:modified_time\" content=\"2024-09-04T07:46:16+00:00\" \/>\n<meta property=\"og:image\" content=\"https:\/\/grontkontor.dk\/wp-content\/uploads\/2024\/04\/Klimavenlig-genanvendt-staal-krus-collage.jpg\" \/>\n\t<meta property=\"og:image:width\" content=\"900\" \/>\n\t<meta property=\"og:image:height\" content=\"639\" \/>\n\t<meta property=\"og:image:type\" content=\"image\/jpeg\" \/>\n<meta name=\"twitter:card\" content=\"summary_large_image\" \/>\n<meta name=\"twitter:label1\" content=\"Ber\u00e4knad l\u00e4stid\" \/>\n\t<meta name=\"twitter:data1\" content=\"1 minut\" \/>\n<script type=\"application\/ld+json\" class=\"yoast-schema-graph\">{\"@context\":\"https:\/\/schema.org\",\"@graph\":[{\"@type\":\"WebPage\",\"@id\":\"https:\/\/grontkontor.dk\/shop\/krus-i-genanvendt-staal\/\",\"url\":\"https:\/\/grontkontor.dk\/shop\/krus-i-genanvendt-staal\/\",\"name\":\"Mugg i \u00e5tervunnet st\u00e5l - Gr\u00f8nt Kontor\",\"isPartOf\":{\"@id\":\"https:\/\/grontkontor.dk\/#website\"},\"datePublished\":\"2024-04-04T12:35:37+00:00\",\"dateModified\":\"2024-09-04T07:46:16+00:00\",\"breadcrumb\":{\"@id\":\"https:\/\/grontkontor.dk\/shop\/krus-i-genanvendt-staal\/#breadcrumb\"},\"inLanguage\":\"sv-SE\",\"potentialAction\":[{\"@type\":\"ReadAction\",\"target\":[\"https:\/\/grontkontor.dk\/shop\/krus-i-genanvendt-staal\/\"]}]},{\"@type\":\"BreadcrumbList\",\"@id\":\"https:\/\/grontkontor.dk\/shop\/krus-i-genanvendt-staal\/#breadcrumb\",\"itemListElement\":[{\"@type\":\"ListItem\",\"position\":1,\"name\":\"Forside\",\"item\":\"https:\/\/grontkontor.dk\/\"},{\"@type\":\"ListItem\",\"position\":2,\"name\":\"Shop\",\"item\":\"https:\/\/grontkontor.dk\/sv\/shop\/\"},{\"@type\":\"ListItem\",\"position\":3,\"name\":\"Klimatsmarta f\u00f6retagspresenter\",\"item\":\"https:\/\/grontkontor.dk\/sv\/produkt-kategori\/miljovaenliga-foretagspresenter\/\"},{\"@type\":\"ListItem\",\"position\":4,\"name\":\"Muggar och koppar\",\"item\":\"https:\/\/grontkontor.dk\/sv\/produkt-kategori\/muggar-och-koppar-sv\/\"},{\"@type\":\"ListItem\",\"position\":5,\"name\":\"Mugg i \u00e5tervunnet st\u00e5l\"}]},{\"@type\":\"WebSite\",\"@id\":\"https:\/\/grontkontor.dk\/#website\",\"url\":\"https:\/\/grontkontor.dk\/\",\"name\":\"Gr\u00f8nt Kontor\",\"description\":\"Milj\u00f8venlige produkter til kontor og erhverv med fokus p\u00e5 b\u00e6redygtighed, design og fair trade.\",\"publisher\":{\"@id\":\"https:\/\/grontkontor.dk\/#organization\"},\"potentialAction\":[{\"@type\":\"SearchAction\",\"target\":{\"@type\":\"EntryPoint\",\"urlTemplate\":\"https:\/\/grontkontor.dk\/?s={search_term_string}\"},\"query-input\":\"required name=search_term_string\"}],\"inLanguage\":\"sv-SE\"},{\"@type\":\"Organization\",\"@id\":\"https:\/\/grontkontor.dk\/#organization\",\"name\":\"Gr\u00f8nt Kontor\",\"url\":\"https:\/\/grontkontor.dk\/\",\"logo\":{\"@type\":\"ImageObject\",\"inLanguage\":\"sv-SE\",\"@id\":\"https:\/\/grontkontor.dk\/#\/schema\/logo\/image\/\",\"url\":\"https:\/\/grontkontor.dk\/wp-content\/uploads\/2014\/02\/Logo_groent_kontor_300x80.png\",\"contentUrl\":\"https:\/\/grontkontor.dk\/wp-content\/uploads\/2014\/02\/Logo_groent_kontor_300x80.png\",\"width\":300,\"height\":80,\"caption\":\"Gr\u00f8nt Kontor\"},\"image\":{\"@id\":\"https:\/\/grontkontor.dk\/#\/schema\/logo\/image\/\"},\"sameAs\":[\"https:\/\/www.facebook.com\/grontkontor.dk\/\"]}]}<\/script>\n<!-- \/ Yoast SEO Premium plugin. -->","yoast_head_json":{"title":"Mugg i \u00e5tervunnet st\u00e5l - Gr\u00f8nt Kontor","robots":{"index":"index","follow":"follow","max-snippet":"max-snippet:-1","max-image-preview":"max-image-preview:large","max-video-preview":"max-video-preview:-1"},"canonical":"https:\/\/grontkontor.dk\/shop\/krus-i-genanvendt-staal\/","og_locale":"sv_SE","og_type":"article","og_title":"Mugg i \u00e5tervunnet st\u00e5l","og_description":"Smart och klimatv\u00e4nlig dubbelv\u00e4ggig mugg med en kapacitet p\u00e5 400 ml. Tillverkad av \u00e5tervunnet rostfritt st\u00e5l med tr\u00e4handtag. Med logotyp i \u00e5tervunnet rostfritt st\u00e5l och finns i f\u00e4rgerna bl\u00e5tt, svart och silver. Presenteras i en individuell designl\u00e5da med pappersskydd. &nbsp; &nbsp; &nbsp;","og_url":"https:\/\/grontkontor.dk\/shop\/krus-i-genanvendt-staal\/","og_site_name":"Gr\u00f8nt Kontor","article_publisher":"https:\/\/www.facebook.com\/grontkontor.dk\/","article_modified_time":"2024-09-04T07:46:16+00:00","og_image":[{"width":900,"height":639,"url":"https:\/\/grontkontor.dk\/wp-content\/uploads\/2024\/04\/Klimavenlig-genanvendt-staal-krus-collage.jpg","type":"image\/jpeg"}],"twitter_card":"summary_large_image","twitter_misc":{"Ber\u00e4knad l\u00e4stid":"1 minut"},"schema":{"@context":"https:\/\/schema.org","@graph":[{"@type":"WebPage","@id":"https:\/\/grontkontor.dk\/shop\/krus-i-genanvendt-staal\/","url":"https:\/\/grontkontor.dk\/shop\/krus-i-genanvendt-staal\/","name":"Mugg i \u00e5tervunnet st\u00e5l - Gr\u00f8nt Kontor","isPartOf":{"@id":"https:\/\/grontkontor.dk\/#website"},"datePublished":"2024-04-04T12:35:37+00:00","dateModified":"2024-09-04T07:46:16+00:00","breadcrumb":{"@id":"https:\/\/grontkontor.dk\/shop\/krus-i-genanvendt-staal\/#breadcrumb"},"inLanguage":"sv-SE","potentialAction":[{"@type":"ReadAction","target":["https:\/\/grontkontor.dk\/shop\/krus-i-genanvendt-staal\/"]}]},{"@type":"BreadcrumbList","@id":"https:\/\/grontkontor.dk\/shop\/krus-i-genanvendt-staal\/#breadcrumb","itemListElement":[{"@type":"ListItem","position":1,"name":"Forside","item":"https:\/\/grontkontor.dk\/"},{"@type":"ListItem","position":2,"name":"Shop","item":"https:\/\/grontkontor.dk\/sv\/shop\/"},{"@type":"ListItem","position":3,"name":"Klimatsmarta f\u00f6retagspresenter","item":"https:\/\/grontkontor.dk\/sv\/produkt-kategori\/miljovaenliga-foretagspresenter\/"},{"@type":"ListItem","position":4,"name":"Muggar och koppar","item":"https:\/\/grontkontor.dk\/sv\/produkt-kategori\/muggar-och-koppar-sv\/"},{"@type":"ListItem","position":5,"name":"Mugg i \u00e5tervunnet st\u00e5l"}]},{"@type":"WebSite","@id":"https:\/\/grontkontor.dk\/#website","url":"https:\/\/grontkontor.dk\/","name":"Gr\u00f8nt Kontor","description":"Milj\u00f8venlige produkter til kontor og erhverv med fokus p\u00e5 b\u00e6redygtighed, design og fair trade.","publisher":{"@id":"https:\/\/grontkontor.dk\/#organization"},"potentialAction":[{"@type":"SearchAction","target":{"@type":"EntryPoint","urlTemplate":"https:\/\/grontkontor.dk\/?s={search_term_string}"},"query-input":"required name=search_term_string"}],"inLanguage":"sv-SE"},{"@type":"Organization","@id":"https:\/\/grontkontor.dk\/#organization","name":"Gr\u00f8nt Kontor","url":"https:\/\/grontkontor.dk\/","logo":{"@type":"ImageObject","inLanguage":"sv-SE","@id":"https:\/\/grontkontor.dk\/#\/schema\/logo\/image\/","url":"https:\/\/grontkontor.dk\/wp-content\/uploads\/2014\/02\/Logo_groent_kontor_300x80.png","contentUrl":"https:\/\/grontkontor.dk\/wp-content\/uploads\/2014\/02\/Logo_groent_kontor_300x80.png","width":300,"height":80,"caption":"Gr\u00f8nt Kontor"},"image":{"@id":"https:\/\/grontkontor.dk\/#\/schema\/logo\/image\/"},"sameAs":["https:\/\/www.facebook.com\/grontkontor.dk\/"]}]}},"_links":{"self":[{"href":"https:\/\/grontkontor.dk\/sv\/wp-json\/wp\/v2\/product\/83591"}],"collection":[{"href":"https:\/\/grontkontor.dk\/sv\/wp-json\/wp\/v2\/product"}],"about":[{"href":"https:\/\/grontkontor.dk\/sv\/wp-json\/wp\/v2\/types\/product"}],"replies":[{"embeddable":true,"href":"https:\/\/grontkontor.dk\/sv\/wp-json\/wp\/v2\/comments?post=83591"}],"wp:featuredmedia":[{"embeddable":true,"href":"https:\/\/grontkontor.dk\/sv\/wp-json\/wp\/v2\/media\/83643"}],"wp:attachment":[{"href":"https:\/\/grontkontor.dk\/sv\/wp-json\/wp\/v2\/media?parent=83591"}],"wp:term":[{"taxonomy":"product_cat","embeddable":true,"href":"https:\/\/grontkontor.dk\/sv\/wp-json\/wp\/v2\/product_cat?post=83591"},{"taxonomy":"product_tag","embeddable":true,"href":"https:\/\/grontkontor.dk\/sv\/wp-json\/wp\/v2\/product_tag?post=83591"}],"curies":[{"name":"wp","href":"https:\/\/api.w.org\/{rel}","templated":true}]}}