{"id":84050,"date":"2024-04-17T09:58:12","date_gmt":"2024-04-17T07:58:14","guid":{"rendered":"https:\/\/grontkontor.dk\/?post_type=product&#038;p=84050"},"modified":"2024-09-03T11:51:04","modified_gmt":"2024-09-03T09:51:04","slug":"strandkasse-atervunnen-bomull-220-gsm","status":"publish","type":"product","link":"https:\/\/grontkontor.dk\/sv\/shop\/strandkasse-atervunnen-bomull-220-gsm\/","title":{"rendered":"Strandkasse i kraftigt \u00e5tervunnen bomull 220 g\/m\u00b2"},"content":{"rendered":"<p>Milj\u00f6v\u00e4nlig och rej\u00e4l strandv\u00e4ska med blockbotten av 100% \u00e5tervunnen bomull. Kvalitet: 220 g\/m\u00b2. Tygkassen \u00e4r utrustad med l\u00e5nga handtag p\u00e5 70 cm och rymmer upp till 9 kg. Finns i svart, bl\u00e5tt, gr\u00f6nt, r\u00f6tt och natur. En fin milj\u00f6v\u00e4nlig f\u00f6retagspresent, l\u00e4mplig f\u00f6r att hantera dina \u00e5h\u00f6rarkopior p\u00e5 en m\u00e4ssa eller ett evenemang. M\u00f6jlighet f\u00f6r tryck p\u00e5 en eller b\u00e5da sidor. &nbsp;<\/p>\nBomull \u00e4r en biologiskt nedbrytbar och komposterbar naturprodukt och \u00e4r en av v\u00e4rldens \u00e4ldsta handels- och jordbruksvaror. \u00c5tervunnen bomull \u00e4r mindre belastande f\u00f6r klimatet \u00e4n konventionell eller ekologisk bomull, och s\u00e4rskiljer sig speciellt genom att f\u00f6rl\u00e4nga bomullsprodukternas levnadstid och d\u00e4rigenom fungera som CO2 lager f\u00f6r redan producerad bomull. \n<p>&nbsp;<\/p>\n<img loading=\"lazy\" decoding=\"async\" src=\"https:\/\/grontkontor.dk\/wp-content\/uploads\/2021\/02\/genbrug.jpg\" alt=\"Fremstillet af genbrugsmaterialer\" width=\"50\" height=\"50\" class=\"size-full wp-image-23031\" srcset=\"https:\/\/grontkontor.dk\/wp-content\/uploads\/2021\/02\/genbrug.jpg 199w, https:\/\/grontkontor.dk\/wp-content\/uploads\/2021\/02\/genbrug-100x100.jpg 100w\" sizes=\"(max-width: 50px) 100vw, 50px\" \/>\n","protected":false},"excerpt":{"rendered":"<p>Milj\u00f6v\u00e4nlig och rej\u00e4l strandv\u00e4ska med blockbotten av 100% \u00e5tervunnen bomull. Kvalitet: 220 g\/m\u00b2. Tygkassen \u00e4r utrustad med l\u00e5nga handtag p\u00e5 70 cm och rymmer upp till 9 kg. Finns i svart, bl\u00e5tt, gr\u00f6nt, r\u00f6tt och natur. En fin milj\u00f6v\u00e4nlig f\u00f6retagspresent, l\u00e4mplig f\u00f6r att hantera dina \u00e5h\u00f6rarkopior p\u00e5 en m\u00e4ssa eller ett evenemang. M\u00f6jlighet f\u00f6r tryck [&hellip;]<\/p>\n","protected":false},"featured_media":84076,"comment_status":"closed","ping_status":"closed","template":"","meta":{"_acf_changed":false},"product_cat":[4448,1362,2107,2394,3143],"product_tag":[4498],"class_list":{"0":"post-84050","1":"product","2":"type-product","3":"status-publish","4":"has-post-thumbnail","6":"product_cat-presentpaasar-och-presentfoerpackningar","7":"product_cat-tygpaasar","8":"product_cat-dummy-moq-1-sv","9":"product_cat-nyheter","10":"product_cat-sport-och-fritid","11":"product_tag-strand-vaeska","12":"tm-has-options","14":"first","15":"instock","16":"taxable","17":"shipping-taxable","18":"purchasable","19":"product-type-variable","20":"has-default-attributes"},"acf":[],"yoast_head":"<!-- This site is optimized with the Yoast SEO Premium plugin v21.2 (Yoast SEO v21.2) - https:\/\/yoast.com\/wordpress\/plugins\/seo\/ -->\n<title>Strandkasse i kraftigt \u00e5tervunnen bomull 220 g\/m\u00b2 - Gr\u00f8nt Kontor<\/title>\n<meta name=\"robots\" content=\"index, follow, max-snippet:-1, max-image-preview:large, max-video-preview:-1\" \/>\n<link rel=\"canonical\" href=\"https:\/\/grontkontor.dk\/shop\/klimavenlig-strandtaske-af-genanvendt-bomuld\/\" \/>\n<meta property=\"og:locale\" content=\"sv_SE\" \/>\n<meta property=\"og:type\" content=\"article\" \/>\n<meta property=\"og:title\" content=\"Strandkasse i kraftigt \u00e5tervunnen bomull 220 g\/m\u00b2\" \/>\n<meta property=\"og:description\" content=\"Milj\u00f6v\u00e4nlig och rej\u00e4l strandv\u00e4ska med blockbotten av 100% \u00e5tervunnen bomull. Kvalitet: 220 g\/m\u00b2. Tygkassen \u00e4r utrustad med l\u00e5nga handtag p\u00e5 70 cm och rymmer upp till 9 kg. Finns i svart, bl\u00e5tt, gr\u00f6nt, r\u00f6tt och natur. En fin milj\u00f6v\u00e4nlig f\u00f6retagspresent, l\u00e4mplig f\u00f6r att hantera dina \u00e5h\u00f6rarkopior p\u00e5 en m\u00e4ssa eller ett evenemang. M\u00f6jlighet f\u00f6r tryck [&hellip;]\" \/>\n<meta property=\"og:url\" content=\"https:\/\/grontkontor.dk\/shop\/klimavenlig-strandtaske-af-genanvendt-bomuld\/\" \/>\n<meta property=\"og:site_name\" content=\"Gr\u00f8nt Kontor\" \/>\n<meta property=\"article:publisher\" content=\"https:\/\/www.facebook.com\/grontkontor.dk\/\" \/>\n<meta property=\"article:modified_time\" content=\"2024-09-03T09:51:04+00:00\" \/>\n<meta property=\"og:image\" content=\"https:\/\/grontkontor.dk\/wp-content\/uploads\/2024\/04\/Klimavenlig-mulepose-i-genanvendt-bomuld.jpg\" \/>\n\t<meta property=\"og:image:width\" content=\"900\" \/>\n\t<meta property=\"og:image:height\" content=\"639\" \/>\n\t<meta property=\"og:image:type\" content=\"image\/jpeg\" \/>\n<meta name=\"twitter:card\" content=\"summary_large_image\" \/>\n<meta name=\"twitter:label1\" content=\"Ber\u00e4knad l\u00e4stid\" \/>\n\t<meta name=\"twitter:data1\" content=\"1 minut\" \/>\n<script type=\"application\/ld+json\" class=\"yoast-schema-graph\">{\"@context\":\"https:\/\/schema.org\",\"@graph\":[{\"@type\":\"WebPage\",\"@id\":\"https:\/\/grontkontor.dk\/shop\/klimavenlig-strandtaske-af-genanvendt-bomuld\/\",\"url\":\"https:\/\/grontkontor.dk\/shop\/klimavenlig-strandtaske-af-genanvendt-bomuld\/\",\"name\":\"Strandkasse i kraftigt \u00e5tervunnen bomull 220 g\/m\u00b2 - Gr\u00f8nt Kontor\",\"isPartOf\":{\"@id\":\"https:\/\/grontkontor.dk\/#website\"},\"datePublished\":\"2024-04-17T07:58:14+00:00\",\"dateModified\":\"2024-09-03T09:51:04+00:00\",\"breadcrumb\":{\"@id\":\"https:\/\/grontkontor.dk\/shop\/klimavenlig-strandtaske-af-genanvendt-bomuld\/#breadcrumb\"},\"inLanguage\":\"sv-SE\",\"potentialAction\":[{\"@type\":\"ReadAction\",\"target\":[\"https:\/\/grontkontor.dk\/shop\/klimavenlig-strandtaske-af-genanvendt-bomuld\/\"]}]},{\"@type\":\"BreadcrumbList\",\"@id\":\"https:\/\/grontkontor.dk\/shop\/klimavenlig-strandtaske-af-genanvendt-bomuld\/#breadcrumb\",\"itemListElement\":[{\"@type\":\"ListItem\",\"position\":1,\"name\":\"Forside\",\"item\":\"https:\/\/grontkontor.dk\/\"},{\"@type\":\"ListItem\",\"position\":2,\"name\":\"Shop\",\"item\":\"https:\/\/grontkontor.dk\/sv\/shop\/\"},{\"@type\":\"ListItem\",\"position\":3,\"name\":\"Klimatsmarta f\u00f6retagspresenter\",\"item\":\"https:\/\/grontkontor.dk\/sv\/produkt-kategori\/miljovaenliga-foretagspresenter\/\"},{\"@type\":\"ListItem\",\"position\":4,\"name\":\"Presentp\u00e5sar och presentf\u00f6rpackningar\",\"item\":\"https:\/\/grontkontor.dk\/sv\/produkt-kategori\/miljovaenliga-foretagspresenter\/presentpaasar-och-presentfoerpackningar\/\"},{\"@type\":\"ListItem\",\"position\":5,\"name\":\"Strandkasse i kraftigt \u00e5tervunnen bomull 220 g\/m\u00b2\"}]},{\"@type\":\"WebSite\",\"@id\":\"https:\/\/grontkontor.dk\/#website\",\"url\":\"https:\/\/grontkontor.dk\/\",\"name\":\"Gr\u00f8nt Kontor\",\"description\":\"Milj\u00f8venlige produkter til kontor og erhverv med fokus p\u00e5 b\u00e6redygtighed, design og fair trade.\",\"publisher\":{\"@id\":\"https:\/\/grontkontor.dk\/#organization\"},\"potentialAction\":[{\"@type\":\"SearchAction\",\"target\":{\"@type\":\"EntryPoint\",\"urlTemplate\":\"https:\/\/grontkontor.dk\/?s={search_term_string}\"},\"query-input\":\"required name=search_term_string\"}],\"inLanguage\":\"sv-SE\"},{\"@type\":\"Organization\",\"@id\":\"https:\/\/grontkontor.dk\/#organization\",\"name\":\"Gr\u00f8nt Kontor\",\"url\":\"https:\/\/grontkontor.dk\/\",\"logo\":{\"@type\":\"ImageObject\",\"inLanguage\":\"sv-SE\",\"@id\":\"https:\/\/grontkontor.dk\/#\/schema\/logo\/image\/\",\"url\":\"https:\/\/grontkontor.dk\/wp-content\/uploads\/2014\/02\/Logo_groent_kontor_300x80.png\",\"contentUrl\":\"https:\/\/grontkontor.dk\/wp-content\/uploads\/2014\/02\/Logo_groent_kontor_300x80.png\",\"width\":300,\"height\":80,\"caption\":\"Gr\u00f8nt Kontor\"},\"image\":{\"@id\":\"https:\/\/grontkontor.dk\/#\/schema\/logo\/image\/\"},\"sameAs\":[\"https:\/\/www.facebook.com\/grontkontor.dk\/\"]}]}<\/script>\n<!-- \/ Yoast SEO Premium plugin. -->","yoast_head_json":{"title":"Strandkasse i kraftigt \u00e5tervunnen bomull 220 g\/m\u00b2 - Gr\u00f8nt Kontor","robots":{"index":"index","follow":"follow","max-snippet":"max-snippet:-1","max-image-preview":"max-image-preview:large","max-video-preview":"max-video-preview:-1"},"canonical":"https:\/\/grontkontor.dk\/shop\/klimavenlig-strandtaske-af-genanvendt-bomuld\/","og_locale":"sv_SE","og_type":"article","og_title":"Strandkasse i kraftigt \u00e5tervunnen bomull 220 g\/m\u00b2","og_description":"Milj\u00f6v\u00e4nlig och rej\u00e4l strandv\u00e4ska med blockbotten av 100% \u00e5tervunnen bomull. Kvalitet: 220 g\/m\u00b2. Tygkassen \u00e4r utrustad med l\u00e5nga handtag p\u00e5 70 cm och rymmer upp till 9 kg. Finns i svart, bl\u00e5tt, gr\u00f6nt, r\u00f6tt och natur. En fin milj\u00f6v\u00e4nlig f\u00f6retagspresent, l\u00e4mplig f\u00f6r att hantera dina \u00e5h\u00f6rarkopior p\u00e5 en m\u00e4ssa eller ett evenemang. M\u00f6jlighet f\u00f6r tryck [&hellip;]","og_url":"https:\/\/grontkontor.dk\/shop\/klimavenlig-strandtaske-af-genanvendt-bomuld\/","og_site_name":"Gr\u00f8nt Kontor","article_publisher":"https:\/\/www.facebook.com\/grontkontor.dk\/","article_modified_time":"2024-09-03T09:51:04+00:00","og_image":[{"width":900,"height":639,"url":"https:\/\/grontkontor.dk\/wp-content\/uploads\/2024\/04\/Klimavenlig-mulepose-i-genanvendt-bomuld.jpg","type":"image\/jpeg"}],"twitter_card":"summary_large_image","twitter_misc":{"Ber\u00e4knad l\u00e4stid":"1 minut"},"schema":{"@context":"https:\/\/schema.org","@graph":[{"@type":"WebPage","@id":"https:\/\/grontkontor.dk\/shop\/klimavenlig-strandtaske-af-genanvendt-bomuld\/","url":"https:\/\/grontkontor.dk\/shop\/klimavenlig-strandtaske-af-genanvendt-bomuld\/","name":"Strandkasse i kraftigt \u00e5tervunnen bomull 220 g\/m\u00b2 - Gr\u00f8nt Kontor","isPartOf":{"@id":"https:\/\/grontkontor.dk\/#website"},"datePublished":"2024-04-17T07:58:14+00:00","dateModified":"2024-09-03T09:51:04+00:00","breadcrumb":{"@id":"https:\/\/grontkontor.dk\/shop\/klimavenlig-strandtaske-af-genanvendt-bomuld\/#breadcrumb"},"inLanguage":"sv-SE","potentialAction":[{"@type":"ReadAction","target":["https:\/\/grontkontor.dk\/shop\/klimavenlig-strandtaske-af-genanvendt-bomuld\/"]}]},{"@type":"BreadcrumbList","@id":"https:\/\/grontkontor.dk\/shop\/klimavenlig-strandtaske-af-genanvendt-bomuld\/#breadcrumb","itemListElement":[{"@type":"ListItem","position":1,"name":"Forside","item":"https:\/\/grontkontor.dk\/"},{"@type":"ListItem","position":2,"name":"Shop","item":"https:\/\/grontkontor.dk\/sv\/shop\/"},{"@type":"ListItem","position":3,"name":"Klimatsmarta f\u00f6retagspresenter","item":"https:\/\/grontkontor.dk\/sv\/produkt-kategori\/miljovaenliga-foretagspresenter\/"},{"@type":"ListItem","position":4,"name":"Presentp\u00e5sar och presentf\u00f6rpackningar","item":"https:\/\/grontkontor.dk\/sv\/produkt-kategori\/miljovaenliga-foretagspresenter\/presentpaasar-och-presentfoerpackningar\/"},{"@type":"ListItem","position":5,"name":"Strandkasse i kraftigt \u00e5tervunnen bomull 220 g\/m\u00b2"}]},{"@type":"WebSite","@id":"https:\/\/grontkontor.dk\/#website","url":"https:\/\/grontkontor.dk\/","name":"Gr\u00f8nt Kontor","description":"Milj\u00f8venlige produkter til kontor og erhverv med fokus p\u00e5 b\u00e6redygtighed, design og fair trade.","publisher":{"@id":"https:\/\/grontkontor.dk\/#organization"},"potentialAction":[{"@type":"SearchAction","target":{"@type":"EntryPoint","urlTemplate":"https:\/\/grontkontor.dk\/?s={search_term_string}"},"query-input":"required name=search_term_string"}],"inLanguage":"sv-SE"},{"@type":"Organization","@id":"https:\/\/grontkontor.dk\/#organization","name":"Gr\u00f8nt Kontor","url":"https:\/\/grontkontor.dk\/","logo":{"@type":"ImageObject","inLanguage":"sv-SE","@id":"https:\/\/grontkontor.dk\/#\/schema\/logo\/image\/","url":"https:\/\/grontkontor.dk\/wp-content\/uploads\/2014\/02\/Logo_groent_kontor_300x80.png","contentUrl":"https:\/\/grontkontor.dk\/wp-content\/uploads\/2014\/02\/Logo_groent_kontor_300x80.png","width":300,"height":80,"caption":"Gr\u00f8nt Kontor"},"image":{"@id":"https:\/\/grontkontor.dk\/#\/schema\/logo\/image\/"},"sameAs":["https:\/\/www.facebook.com\/grontkontor.dk\/"]}]}},"_links":{"self":[{"href":"https:\/\/grontkontor.dk\/sv\/wp-json\/wp\/v2\/product\/84050"}],"collection":[{"href":"https:\/\/grontkontor.dk\/sv\/wp-json\/wp\/v2\/product"}],"about":[{"href":"https:\/\/grontkontor.dk\/sv\/wp-json\/wp\/v2\/types\/product"}],"replies":[{"embeddable":true,"href":"https:\/\/grontkontor.dk\/sv\/wp-json\/wp\/v2\/comments?post=84050"}],"wp:featuredmedia":[{"embeddable":true,"href":"https:\/\/grontkontor.dk\/sv\/wp-json\/wp\/v2\/media\/84076"}],"wp:attachment":[{"href":"https:\/\/grontkontor.dk\/sv\/wp-json\/wp\/v2\/media?parent=84050"}],"wp:term":[{"taxonomy":"product_cat","embeddable":true,"href":"https:\/\/grontkontor.dk\/sv\/wp-json\/wp\/v2\/product_cat?post=84050"},{"taxonomy":"product_tag","embeddable":true,"href":"https:\/\/grontkontor.dk\/sv\/wp-json\/wp\/v2\/product_tag?post=84050"}],"curies":[{"name":"wp","href":"https:\/\/api.w.org\/{rel}","templated":true}]}}