{"id":84209,"date":"2024-04-18T14:01:05","date_gmt":"2024-04-18T12:01:05","guid":{"rendered":"https:\/\/grontkontor.dk\/?post_type=product&#038;p=84209"},"modified":"2024-09-03T11:17:18","modified_gmt":"2024-09-03T09:17:18","slug":"klimatvanlig-picknick-gjord-i-bomull-stal-och-tra","status":"publish","type":"product","link":"https:\/\/grontkontor.dk\/sv\/shop\/klimatvanlig-picknick-gjord-i-bomull-stal-och-tra\/","title":{"rendered":"Klimatsmart picknickset i bomull, st\u00e5l och tr\u00e4"},"content":{"rendered":"<p>2-sits, picknickset. Levereras i en robust p\u00e5se i 100% bomull med naturlig finish, dragkedja och handtag. F\u00f6rst\u00e4rkt insida med fack f\u00f6r de olika tillbeh\u00f6ren.<\/p>\n<p>Inneh\u00e5ller:<br \/>\n2 skedar, 2 knivar och 2 gafflar i rostfritt st\u00e5l med handtag i naturligt tr\u00e4. 2 rostfria st\u00e5lplattor med en diameter p\u00e5 19,5 cm. 2 servetter p\u00e5 30 x 30 cm med retrodesign i rutor och en kombination av svarta, gr\u00e5 och vita nyanser. Korkskruv i rostfritt st\u00e5l med integrerat blad och tr\u00e4handtag. Kap- och serveringsbr\u00e4da p\u00e5 15 x 15 cm, \u00e4ven den i tr\u00e4 med snidade handtag.<\/p>\n<p>Finns med\/utan tryck.<\/p>\n<p>Perfekt f\u00f6r f\u00f6retags- eller personalpresenter eller f\u00f6r utomhusevenemang.<\/p>\nBomull \u00e4r en naturprodukt och en av v\u00e4rldens \u00e4ldsta handels- och jordbruksvaror. Denna produkt \u00e4r en av mycket f\u00e5 som vi valt till v\u00e5rt sortiment endast p\u00e5 grund av den unika designen. F\u00f6r ett mer h\u00e5llbart val vill vi rekomendera ekologisk eller \u00e5tervunnen bomull ist\u00e4llet. Alla v\u00e5ra produkter fr\u00e5n Indien och liknande l\u00e4nder \u00e4r certificerade f\u00f6r arbetskraft. \n","protected":false},"excerpt":{"rendered":"<p>2-sits, picknickset. Levereras i en robust p\u00e5se i 100% bomull med naturlig finish, dragkedja och handtag. F\u00f6rst\u00e4rkt insida med fack f\u00f6r de olika tillbeh\u00f6ren. Inneh\u00e5ller: 2 skedar, 2 knivar och 2 gafflar i rostfritt st\u00e5l med handtag i naturligt tr\u00e4. 2 rostfria st\u00e5lplattor med en diameter p\u00e5 19,5 cm. 2 servetter p\u00e5 30 x 30 [&hellip;]<\/p>\n","protected":false},"featured_media":84227,"comment_status":"closed","ping_status":"closed","template":"","meta":{"_acf_changed":false},"product_cat":[2107,867,2394,3143,2103],"product_tag":[],"class_list":{"0":"post-84209","1":"product","2":"type-product","3":"status-publish","4":"has-post-thumbnail","6":"product_cat-dummy-moq-1-sv","7":"product_cat-miljovaenliga-foretagspresenter","8":"product_cat-nyheter","9":"product_cat-sport-och-fritid","10":"product_cat-utstallning-och-event","11":"tm-has-options","13":"first","14":"instock","15":"taxable","16":"shipping-taxable","17":"purchasable","18":"product-type-simple"},"acf":[],"yoast_head":"<!-- This site is optimized with the Yoast SEO Premium plugin v21.2 (Yoast SEO v21.2) - https:\/\/yoast.com\/wordpress\/plugins\/seo\/ -->\n<title>Klimatsmart picknickset i bomull, st\u00e5l och tr\u00e4 - Gr\u00f8nt Kontor<\/title>\n<meta name=\"robots\" content=\"index, follow, max-snippet:-1, max-image-preview:large, max-video-preview:-1\" \/>\n<link rel=\"canonical\" href=\"https:\/\/grontkontor.dk\/sv\/shop\/klimatvanlig-picknick-gjord-i-bomull-stal-och-tra\/\" \/>\n<meta property=\"og:locale\" content=\"sv_SE\" \/>\n<meta property=\"og:type\" content=\"article\" \/>\n<meta property=\"og:title\" content=\"Klimatsmart picknickset i bomull, st\u00e5l och tr\u00e4\" \/>\n<meta property=\"og:description\" content=\"2-sits, picknickset. Levereras i en robust p\u00e5se i 100% bomull med naturlig finish, dragkedja och handtag. F\u00f6rst\u00e4rkt insida med fack f\u00f6r de olika tillbeh\u00f6ren. Inneh\u00e5ller: 2 skedar, 2 knivar och 2 gafflar i rostfritt st\u00e5l med handtag i naturligt tr\u00e4. 2 rostfria st\u00e5lplattor med en diameter p\u00e5 19,5 cm. 2 servetter p\u00e5 30 x 30 [&hellip;]\" \/>\n<meta property=\"og:url\" content=\"https:\/\/grontkontor.dk\/sv\/shop\/klimatvanlig-picknick-gjord-i-bomull-stal-och-tra\/\" \/>\n<meta property=\"og:site_name\" content=\"Gr\u00f8nt Kontor\" \/>\n<meta property=\"article:publisher\" content=\"https:\/\/www.facebook.com\/grontkontor.dk\/\" \/>\n<meta property=\"article:modified_time\" content=\"2024-09-03T09:17:18+00:00\" \/>\n<meta property=\"og:image\" content=\"https:\/\/grontkontor.dk\/wp-content\/uploads\/2024\/04\/Miljoevenligt-picnicsaet-i-bomuld-og-trae.jpg\" \/>\n\t<meta property=\"og:image:width\" content=\"900\" \/>\n\t<meta property=\"og:image:height\" content=\"639\" \/>\n\t<meta property=\"og:image:type\" content=\"image\/jpeg\" \/>\n<meta name=\"twitter:card\" content=\"summary_large_image\" \/>\n<meta name=\"twitter:label1\" content=\"Ber\u00e4knad l\u00e4stid\" \/>\n\t<meta name=\"twitter:data1\" content=\"1 minut\" \/>\n<script type=\"application\/ld+json\" class=\"yoast-schema-graph\">{\"@context\":\"https:\/\/schema.org\",\"@graph\":[{\"@type\":\"WebPage\",\"@id\":\"https:\/\/grontkontor.dk\/sv\/shop\/klimatvanlig-picknick-gjord-i-bomull-stal-och-tra\/\",\"url\":\"https:\/\/grontkontor.dk\/sv\/shop\/klimatvanlig-picknick-gjord-i-bomull-stal-och-tra\/\",\"name\":\"Klimatsmart picknickset i bomull, st\u00e5l och tr\u00e4 - Gr\u00f8nt Kontor\",\"isPartOf\":{\"@id\":\"https:\/\/grontkontor.dk\/#website\"},\"datePublished\":\"2024-04-18T12:01:05+00:00\",\"dateModified\":\"2024-09-03T09:17:18+00:00\",\"breadcrumb\":{\"@id\":\"https:\/\/grontkontor.dk\/sv\/shop\/klimatvanlig-picknick-gjord-i-bomull-stal-och-tra\/#breadcrumb\"},\"inLanguage\":\"sv-SE\",\"potentialAction\":[{\"@type\":\"ReadAction\",\"target\":[\"https:\/\/grontkontor.dk\/sv\/shop\/klimatvanlig-picknick-gjord-i-bomull-stal-och-tra\/\"]}]},{\"@type\":\"BreadcrumbList\",\"@id\":\"https:\/\/grontkontor.dk\/sv\/shop\/klimatvanlig-picknick-gjord-i-bomull-stal-och-tra\/#breadcrumb\",\"itemListElement\":[{\"@type\":\"ListItem\",\"position\":1,\"name\":\"Forside\",\"item\":\"https:\/\/grontkontor.dk\/\"},{\"@type\":\"ListItem\",\"position\":2,\"name\":\"Shop\",\"item\":\"https:\/\/grontkontor.dk\/sv\/shop\/\"},{\"@type\":\"ListItem\",\"position\":3,\"name\":\"Nyheder\",\"item\":\"https:\/\/grontkontor.dk\/produkt-kategori\/nyheder\/\"},{\"@type\":\"ListItem\",\"position\":4,\"name\":\"Klimatsmart picknickset i bomull, st\u00e5l och tr\u00e4\"}]},{\"@type\":\"WebSite\",\"@id\":\"https:\/\/grontkontor.dk\/#website\",\"url\":\"https:\/\/grontkontor.dk\/\",\"name\":\"Gr\u00f8nt Kontor\",\"description\":\"Milj\u00f8venlige produkter til kontor og erhverv med fokus p\u00e5 b\u00e6redygtighed, design og fair trade.\",\"publisher\":{\"@id\":\"https:\/\/grontkontor.dk\/#organization\"},\"potentialAction\":[{\"@type\":\"SearchAction\",\"target\":{\"@type\":\"EntryPoint\",\"urlTemplate\":\"https:\/\/grontkontor.dk\/?s={search_term_string}\"},\"query-input\":\"required name=search_term_string\"}],\"inLanguage\":\"sv-SE\"},{\"@type\":\"Organization\",\"@id\":\"https:\/\/grontkontor.dk\/#organization\",\"name\":\"Gr\u00f8nt Kontor\",\"url\":\"https:\/\/grontkontor.dk\/\",\"logo\":{\"@type\":\"ImageObject\",\"inLanguage\":\"sv-SE\",\"@id\":\"https:\/\/grontkontor.dk\/#\/schema\/logo\/image\/\",\"url\":\"https:\/\/grontkontor.dk\/wp-content\/uploads\/2014\/02\/Logo_groent_kontor_300x80.png\",\"contentUrl\":\"https:\/\/grontkontor.dk\/wp-content\/uploads\/2014\/02\/Logo_groent_kontor_300x80.png\",\"width\":300,\"height\":80,\"caption\":\"Gr\u00f8nt Kontor\"},\"image\":{\"@id\":\"https:\/\/grontkontor.dk\/#\/schema\/logo\/image\/\"},\"sameAs\":[\"https:\/\/www.facebook.com\/grontkontor.dk\/\"]}]}<\/script>\n<!-- \/ Yoast SEO Premium plugin. -->","yoast_head_json":{"title":"Klimatsmart picknickset i bomull, st\u00e5l och tr\u00e4 - Gr\u00f8nt Kontor","robots":{"index":"index","follow":"follow","max-snippet":"max-snippet:-1","max-image-preview":"max-image-preview:large","max-video-preview":"max-video-preview:-1"},"canonical":"https:\/\/grontkontor.dk\/sv\/shop\/klimatvanlig-picknick-gjord-i-bomull-stal-och-tra\/","og_locale":"sv_SE","og_type":"article","og_title":"Klimatsmart picknickset i bomull, st\u00e5l och tr\u00e4","og_description":"2-sits, picknickset. Levereras i en robust p\u00e5se i 100% bomull med naturlig finish, dragkedja och handtag. F\u00f6rst\u00e4rkt insida med fack f\u00f6r de olika tillbeh\u00f6ren. Inneh\u00e5ller: 2 skedar, 2 knivar och 2 gafflar i rostfritt st\u00e5l med handtag i naturligt tr\u00e4. 2 rostfria st\u00e5lplattor med en diameter p\u00e5 19,5 cm. 2 servetter p\u00e5 30 x 30 [&hellip;]","og_url":"https:\/\/grontkontor.dk\/sv\/shop\/klimatvanlig-picknick-gjord-i-bomull-stal-och-tra\/","og_site_name":"Gr\u00f8nt Kontor","article_publisher":"https:\/\/www.facebook.com\/grontkontor.dk\/","article_modified_time":"2024-09-03T09:17:18+00:00","og_image":[{"width":900,"height":639,"url":"https:\/\/grontkontor.dk\/wp-content\/uploads\/2024\/04\/Miljoevenligt-picnicsaet-i-bomuld-og-trae.jpg","type":"image\/jpeg"}],"twitter_card":"summary_large_image","twitter_misc":{"Ber\u00e4knad l\u00e4stid":"1 minut"},"schema":{"@context":"https:\/\/schema.org","@graph":[{"@type":"WebPage","@id":"https:\/\/grontkontor.dk\/sv\/shop\/klimatvanlig-picknick-gjord-i-bomull-stal-och-tra\/","url":"https:\/\/grontkontor.dk\/sv\/shop\/klimatvanlig-picknick-gjord-i-bomull-stal-och-tra\/","name":"Klimatsmart picknickset i bomull, st\u00e5l och tr\u00e4 - Gr\u00f8nt Kontor","isPartOf":{"@id":"https:\/\/grontkontor.dk\/#website"},"datePublished":"2024-04-18T12:01:05+00:00","dateModified":"2024-09-03T09:17:18+00:00","breadcrumb":{"@id":"https:\/\/grontkontor.dk\/sv\/shop\/klimatvanlig-picknick-gjord-i-bomull-stal-och-tra\/#breadcrumb"},"inLanguage":"sv-SE","potentialAction":[{"@type":"ReadAction","target":["https:\/\/grontkontor.dk\/sv\/shop\/klimatvanlig-picknick-gjord-i-bomull-stal-och-tra\/"]}]},{"@type":"BreadcrumbList","@id":"https:\/\/grontkontor.dk\/sv\/shop\/klimatvanlig-picknick-gjord-i-bomull-stal-och-tra\/#breadcrumb","itemListElement":[{"@type":"ListItem","position":1,"name":"Forside","item":"https:\/\/grontkontor.dk\/"},{"@type":"ListItem","position":2,"name":"Shop","item":"https:\/\/grontkontor.dk\/sv\/shop\/"},{"@type":"ListItem","position":3,"name":"Nyheder","item":"https:\/\/grontkontor.dk\/produkt-kategori\/nyheder\/"},{"@type":"ListItem","position":4,"name":"Klimatsmart picknickset i bomull, st\u00e5l och tr\u00e4"}]},{"@type":"WebSite","@id":"https:\/\/grontkontor.dk\/#website","url":"https:\/\/grontkontor.dk\/","name":"Gr\u00f8nt Kontor","description":"Milj\u00f8venlige produkter til kontor og erhverv med fokus p\u00e5 b\u00e6redygtighed, design og fair trade.","publisher":{"@id":"https:\/\/grontkontor.dk\/#organization"},"potentialAction":[{"@type":"SearchAction","target":{"@type":"EntryPoint","urlTemplate":"https:\/\/grontkontor.dk\/?s={search_term_string}"},"query-input":"required name=search_term_string"}],"inLanguage":"sv-SE"},{"@type":"Organization","@id":"https:\/\/grontkontor.dk\/#organization","name":"Gr\u00f8nt Kontor","url":"https:\/\/grontkontor.dk\/","logo":{"@type":"ImageObject","inLanguage":"sv-SE","@id":"https:\/\/grontkontor.dk\/#\/schema\/logo\/image\/","url":"https:\/\/grontkontor.dk\/wp-content\/uploads\/2014\/02\/Logo_groent_kontor_300x80.png","contentUrl":"https:\/\/grontkontor.dk\/wp-content\/uploads\/2014\/02\/Logo_groent_kontor_300x80.png","width":300,"height":80,"caption":"Gr\u00f8nt Kontor"},"image":{"@id":"https:\/\/grontkontor.dk\/#\/schema\/logo\/image\/"},"sameAs":["https:\/\/www.facebook.com\/grontkontor.dk\/"]}]}},"_links":{"self":[{"href":"https:\/\/grontkontor.dk\/sv\/wp-json\/wp\/v2\/product\/84209"}],"collection":[{"href":"https:\/\/grontkontor.dk\/sv\/wp-json\/wp\/v2\/product"}],"about":[{"href":"https:\/\/grontkontor.dk\/sv\/wp-json\/wp\/v2\/types\/product"}],"replies":[{"embeddable":true,"href":"https:\/\/grontkontor.dk\/sv\/wp-json\/wp\/v2\/comments?post=84209"}],"wp:featuredmedia":[{"embeddable":true,"href":"https:\/\/grontkontor.dk\/sv\/wp-json\/wp\/v2\/media\/84227"}],"wp:attachment":[{"href":"https:\/\/grontkontor.dk\/sv\/wp-json\/wp\/v2\/media?parent=84209"}],"wp:term":[{"taxonomy":"product_cat","embeddable":true,"href":"https:\/\/grontkontor.dk\/sv\/wp-json\/wp\/v2\/product_cat?post=84209"},{"taxonomy":"product_tag","embeddable":true,"href":"https:\/\/grontkontor.dk\/sv\/wp-json\/wp\/v2\/product_tag?post=84209"}],"curies":[{"name":"wp","href":"https:\/\/api.w.org\/{rel}","templated":true}]}}