{"id":85030,"date":"2024-05-08T11:47:20","date_gmt":"2024-05-08T09:47:21","guid":{"rendered":"https:\/\/grontkontor.dk\/?post_type=product&#038;p=85030"},"modified":"2024-09-03T09:50:56","modified_gmt":"2024-09-03T07:50:56","slug":"mugg-i-atervunnen-aluminium-och-bambu","status":"publish","type":"product","link":"https:\/\/grontkontor.dk\/sv\/shop\/mugg-i-atervunnen-aluminium-och-bambu\/","title":{"rendered":"Mugg i \u00e5tervunnen aluminium och bambu"},"content":{"rendered":"<p>Smart och klimatv\u00e4nlig mugg med en kapacitet p\u00e5 430 ml. Koppen och sugr\u00f6ret \u00e4r tillverkade av \u00e5tervunnen aluminium med bambulock. Presenteras i en individuell designl\u00e5da med pappersskydd. \u00c5tervunnet aluminium \u00e4r ett material som kan \u00e5tervinnas n\u00e4stan o\u00e4ndligt utan att f\u00f6rlora sina ursprungliga egenskaper. \u00c5tervunnet aluminium f\u00f6rbrukar mindre energi och f\u00e4rre skadliga \u00e4mnen i tillverkningsprocessen j\u00e4mf\u00f6rt med traditionellt aluminium.  Bambu \u00e4r biologiskt nedbrytbart och d\u00e4rf\u00f6r ett fantastiskt material n\u00e4r det kommer till h\u00e5llbarhet. Den har en extremt snabb \u00e5terv\u00e4xt efter sk\u00f6rd. Banbu fungerar, precis som andra naturprodukter, som ett CO2 dep\u00e5 under hela sin livsdid.  Global Recycled Standard certificeringen garanterar att man \u00e5tervunnet minst 50% av materialet i en slutprodukt. GRS \u00e4r dessutom en garanti f\u00f6r goda arbetsvillkor och minimalt inneh\u00e5ll av skatlig kemi. <\/p>\n<p>&nbsp;<\/p>\n<p><img loading=\"lazy\" decoding=\"async\" src=\"https:\/\/grontkontor.dk\/wp-content\/uploads\/2021\/02\/genbrug.jpg\" alt=\"Fremstillet af genbrugsmaterialer\" width=\"50\" height=\"50\" class=\"size-full wp-image-23031\" srcset=\"https:\/\/grontkontor.dk\/wp-content\/uploads\/2021\/02\/genbrug.jpg 199w, https:\/\/grontkontor.dk\/wp-content\/uploads\/2021\/02\/genbrug-100x100.jpg 100w\" sizes=\"(max-width: 50px) 100vw, 50px\" \/> <a href=\"https:\/\/textileexchange.org\/standards\/recycled-claim-standard-global-recycled-standard\/\"><img loading=\"lazy\" decoding=\"async\" src=\"https:\/\/grontkontor.dk\/wp-content\/uploads\/2021\/06\/global-recycled-standard-1.jpg\" alt=\"Global recycled standard\" width=\"50\" height=\"50\" class=\"size-full wp-image-25504\" \/> <\/a><\/p>\n<p>&nbsp;<\/p>\n<p>&nbsp;<\/p>\n","protected":false},"excerpt":{"rendered":"<p>Smart och klimatv\u00e4nlig mugg med en kapacitet p\u00e5 430 ml. Koppen och sugr\u00f6ret \u00e4r tillverkade av \u00e5tervunnen aluminium med bambulock. Presenteras i en individuell designl\u00e5da med pappersskydd. \u00c5tervunnet aluminium \u00e4r ett material som kan \u00e5tervinnas n\u00e4stan o\u00e4ndligt utan att f\u00f6rlora sina ursprungliga egenskaper. \u00c5tervunnet aluminium f\u00f6rbrukar mindre energi och f\u00e4rre skadliga \u00e4mnen i tillverkningsprocessen j\u00e4mf\u00f6rt [&hellip;]<\/p>\n","protected":false},"featured_media":85038,"comment_status":"closed","ping_status":"closed","template":"","meta":{"_acf_changed":false},"product_cat":[2107,2233,1954,2394],"product_tag":[1910],"class_list":{"0":"post-85030","1":"product","2":"type-product","3":"status-publish","4":"has-post-thumbnail","6":"product_cat-dummy-moq-1-sv","7":"product_cat-mat-och-dryck","8":"product_cat-muggar-och-koppar","9":"product_cat-nyheter","10":"product_tag-krus-sv","11":"pa_farve-blaa-sv","12":"pa_farve-sort-sv","13":"pa_farve-soelv-sv","14":"tm-has-options","16":"first","17":"instock","18":"taxable","19":"shipping-taxable","20":"purchasable","21":"product-type-simple"},"acf":[],"yoast_head":"<!-- This site is optimized with the Yoast SEO Premium plugin v21.2 (Yoast SEO v21.2) - https:\/\/yoast.com\/wordpress\/plugins\/seo\/ -->\n<title>Mugg i \u00e5tervunnen aluminium och bambu - Gr\u00f8nt Kontor<\/title>\n<meta name=\"robots\" content=\"index, follow, max-snippet:-1, max-image-preview:large, max-video-preview:-1\" \/>\n<link rel=\"canonical\" href=\"https:\/\/grontkontor.dk\/shop\/krus-i-genanvendt-aluminium-og-bambus\/\" \/>\n<meta property=\"og:locale\" content=\"sv_SE\" \/>\n<meta property=\"og:type\" content=\"article\" \/>\n<meta property=\"og:title\" content=\"Mugg i \u00e5tervunnen aluminium och bambu\" \/>\n<meta property=\"og:description\" content=\"Smart och klimatv\u00e4nlig mugg med en kapacitet p\u00e5 430 ml. Koppen och sugr\u00f6ret \u00e4r tillverkade av \u00e5tervunnen aluminium med bambulock. Presenteras i en individuell designl\u00e5da med pappersskydd. \u00c5tervunnet aluminium \u00e4r ett material som kan \u00e5tervinnas n\u00e4stan o\u00e4ndligt utan att f\u00f6rlora sina ursprungliga egenskaper. \u00c5tervunnet aluminium f\u00f6rbrukar mindre energi och f\u00e4rre skadliga \u00e4mnen i tillverkningsprocessen j\u00e4mf\u00f6rt [&hellip;]\" \/>\n<meta property=\"og:url\" content=\"https:\/\/grontkontor.dk\/shop\/krus-i-genanvendt-aluminium-og-bambus\/\" \/>\n<meta property=\"og:site_name\" content=\"Gr\u00f8nt Kontor\" \/>\n<meta property=\"article:publisher\" content=\"https:\/\/www.facebook.com\/grontkontor.dk\/\" \/>\n<meta property=\"article:modified_time\" content=\"2024-09-03T07:50:56+00:00\" \/>\n<meta property=\"og:image\" content=\"https:\/\/grontkontor.dk\/wp-content\/uploads\/2024\/05\/Klimavenlig-kop-i-genanvendt-aluminium-med-sugeroer-og-laag.jpg\" \/>\n\t<meta property=\"og:image:width\" content=\"900\" \/>\n\t<meta property=\"og:image:height\" content=\"639\" \/>\n\t<meta property=\"og:image:type\" content=\"image\/jpeg\" \/>\n<meta name=\"twitter:card\" content=\"summary_large_image\" \/>\n<script type=\"application\/ld+json\" class=\"yoast-schema-graph\">{\"@context\":\"https:\/\/schema.org\",\"@graph\":[{\"@type\":\"WebPage\",\"@id\":\"https:\/\/grontkontor.dk\/shop\/krus-i-genanvendt-aluminium-og-bambus\/\",\"url\":\"https:\/\/grontkontor.dk\/shop\/krus-i-genanvendt-aluminium-og-bambus\/\",\"name\":\"Mugg i \u00e5tervunnen aluminium och bambu - Gr\u00f8nt Kontor\",\"isPartOf\":{\"@id\":\"https:\/\/grontkontor.dk\/#website\"},\"datePublished\":\"2024-05-08T09:47:21+00:00\",\"dateModified\":\"2024-09-03T07:50:56+00:00\",\"breadcrumb\":{\"@id\":\"https:\/\/grontkontor.dk\/shop\/krus-i-genanvendt-aluminium-og-bambus\/#breadcrumb\"},\"inLanguage\":\"sv-SE\",\"potentialAction\":[{\"@type\":\"ReadAction\",\"target\":[\"https:\/\/grontkontor.dk\/shop\/krus-i-genanvendt-aluminium-og-bambus\/\"]}]},{\"@type\":\"BreadcrumbList\",\"@id\":\"https:\/\/grontkontor.dk\/shop\/krus-i-genanvendt-aluminium-og-bambus\/#breadcrumb\",\"itemListElement\":[{\"@type\":\"ListItem\",\"position\":1,\"name\":\"Forside\",\"item\":\"https:\/\/grontkontor.dk\/\"},{\"@type\":\"ListItem\",\"position\":2,\"name\":\"Shop\",\"item\":\"https:\/\/grontkontor.dk\/sv\/shop\/\"},{\"@type\":\"ListItem\",\"position\":3,\"name\":\"Mat och dryck\",\"item\":\"https:\/\/grontkontor.dk\/sv\/produkt-kategori\/mat-och-dryck\/\"},{\"@type\":\"ListItem\",\"position\":4,\"name\":\"Muggar och koppar\",\"item\":\"https:\/\/grontkontor.dk\/sv\/produkt-kategori\/mat-och-dryck\/muggar-och-koppar\/\"},{\"@type\":\"ListItem\",\"position\":5,\"name\":\"Mugg i \u00e5tervunnen aluminium och bambu\"}]},{\"@type\":\"WebSite\",\"@id\":\"https:\/\/grontkontor.dk\/#website\",\"url\":\"https:\/\/grontkontor.dk\/\",\"name\":\"Gr\u00f8nt Kontor\",\"description\":\"Milj\u00f8venlige produkter til kontor og erhverv med fokus p\u00e5 b\u00e6redygtighed, design og fair trade.\",\"publisher\":{\"@id\":\"https:\/\/grontkontor.dk\/#organization\"},\"potentialAction\":[{\"@type\":\"SearchAction\",\"target\":{\"@type\":\"EntryPoint\",\"urlTemplate\":\"https:\/\/grontkontor.dk\/?s={search_term_string}\"},\"query-input\":\"required name=search_term_string\"}],\"inLanguage\":\"sv-SE\"},{\"@type\":\"Organization\",\"@id\":\"https:\/\/grontkontor.dk\/#organization\",\"name\":\"Gr\u00f8nt Kontor\",\"url\":\"https:\/\/grontkontor.dk\/\",\"logo\":{\"@type\":\"ImageObject\",\"inLanguage\":\"sv-SE\",\"@id\":\"https:\/\/grontkontor.dk\/#\/schema\/logo\/image\/\",\"url\":\"https:\/\/grontkontor.dk\/wp-content\/uploads\/2014\/02\/Logo_groent_kontor_300x80.png\",\"contentUrl\":\"https:\/\/grontkontor.dk\/wp-content\/uploads\/2014\/02\/Logo_groent_kontor_300x80.png\",\"width\":300,\"height\":80,\"caption\":\"Gr\u00f8nt Kontor\"},\"image\":{\"@id\":\"https:\/\/grontkontor.dk\/#\/schema\/logo\/image\/\"},\"sameAs\":[\"https:\/\/www.facebook.com\/grontkontor.dk\/\"]}]}<\/script>\n<!-- \/ Yoast SEO Premium plugin. -->","yoast_head_json":{"title":"Mugg i \u00e5tervunnen aluminium och bambu - Gr\u00f8nt Kontor","robots":{"index":"index","follow":"follow","max-snippet":"max-snippet:-1","max-image-preview":"max-image-preview:large","max-video-preview":"max-video-preview:-1"},"canonical":"https:\/\/grontkontor.dk\/shop\/krus-i-genanvendt-aluminium-og-bambus\/","og_locale":"sv_SE","og_type":"article","og_title":"Mugg i \u00e5tervunnen aluminium och bambu","og_description":"Smart och klimatv\u00e4nlig mugg med en kapacitet p\u00e5 430 ml. Koppen och sugr\u00f6ret \u00e4r tillverkade av \u00e5tervunnen aluminium med bambulock. Presenteras i en individuell designl\u00e5da med pappersskydd. \u00c5tervunnet aluminium \u00e4r ett material som kan \u00e5tervinnas n\u00e4stan o\u00e4ndligt utan att f\u00f6rlora sina ursprungliga egenskaper. \u00c5tervunnet aluminium f\u00f6rbrukar mindre energi och f\u00e4rre skadliga \u00e4mnen i tillverkningsprocessen j\u00e4mf\u00f6rt [&hellip;]","og_url":"https:\/\/grontkontor.dk\/shop\/krus-i-genanvendt-aluminium-og-bambus\/","og_site_name":"Gr\u00f8nt Kontor","article_publisher":"https:\/\/www.facebook.com\/grontkontor.dk\/","article_modified_time":"2024-09-03T07:50:56+00:00","og_image":[{"width":900,"height":639,"url":"https:\/\/grontkontor.dk\/wp-content\/uploads\/2024\/05\/Klimavenlig-kop-i-genanvendt-aluminium-med-sugeroer-og-laag.jpg","type":"image\/jpeg"}],"twitter_card":"summary_large_image","schema":{"@context":"https:\/\/schema.org","@graph":[{"@type":"WebPage","@id":"https:\/\/grontkontor.dk\/shop\/krus-i-genanvendt-aluminium-og-bambus\/","url":"https:\/\/grontkontor.dk\/shop\/krus-i-genanvendt-aluminium-og-bambus\/","name":"Mugg i \u00e5tervunnen aluminium och bambu - Gr\u00f8nt Kontor","isPartOf":{"@id":"https:\/\/grontkontor.dk\/#website"},"datePublished":"2024-05-08T09:47:21+00:00","dateModified":"2024-09-03T07:50:56+00:00","breadcrumb":{"@id":"https:\/\/grontkontor.dk\/shop\/krus-i-genanvendt-aluminium-og-bambus\/#breadcrumb"},"inLanguage":"sv-SE","potentialAction":[{"@type":"ReadAction","target":["https:\/\/grontkontor.dk\/shop\/krus-i-genanvendt-aluminium-og-bambus\/"]}]},{"@type":"BreadcrumbList","@id":"https:\/\/grontkontor.dk\/shop\/krus-i-genanvendt-aluminium-og-bambus\/#breadcrumb","itemListElement":[{"@type":"ListItem","position":1,"name":"Forside","item":"https:\/\/grontkontor.dk\/"},{"@type":"ListItem","position":2,"name":"Shop","item":"https:\/\/grontkontor.dk\/sv\/shop\/"},{"@type":"ListItem","position":3,"name":"Mat och dryck","item":"https:\/\/grontkontor.dk\/sv\/produkt-kategori\/mat-och-dryck\/"},{"@type":"ListItem","position":4,"name":"Muggar och koppar","item":"https:\/\/grontkontor.dk\/sv\/produkt-kategori\/mat-och-dryck\/muggar-och-koppar\/"},{"@type":"ListItem","position":5,"name":"Mugg i \u00e5tervunnen aluminium och bambu"}]},{"@type":"WebSite","@id":"https:\/\/grontkontor.dk\/#website","url":"https:\/\/grontkontor.dk\/","name":"Gr\u00f8nt Kontor","description":"Milj\u00f8venlige produkter til kontor og erhverv med fokus p\u00e5 b\u00e6redygtighed, design og fair trade.","publisher":{"@id":"https:\/\/grontkontor.dk\/#organization"},"potentialAction":[{"@type":"SearchAction","target":{"@type":"EntryPoint","urlTemplate":"https:\/\/grontkontor.dk\/?s={search_term_string}"},"query-input":"required name=search_term_string"}],"inLanguage":"sv-SE"},{"@type":"Organization","@id":"https:\/\/grontkontor.dk\/#organization","name":"Gr\u00f8nt Kontor","url":"https:\/\/grontkontor.dk\/","logo":{"@type":"ImageObject","inLanguage":"sv-SE","@id":"https:\/\/grontkontor.dk\/#\/schema\/logo\/image\/","url":"https:\/\/grontkontor.dk\/wp-content\/uploads\/2014\/02\/Logo_groent_kontor_300x80.png","contentUrl":"https:\/\/grontkontor.dk\/wp-content\/uploads\/2014\/02\/Logo_groent_kontor_300x80.png","width":300,"height":80,"caption":"Gr\u00f8nt Kontor"},"image":{"@id":"https:\/\/grontkontor.dk\/#\/schema\/logo\/image\/"},"sameAs":["https:\/\/www.facebook.com\/grontkontor.dk\/"]}]}},"_links":{"self":[{"href":"https:\/\/grontkontor.dk\/sv\/wp-json\/wp\/v2\/product\/85030"}],"collection":[{"href":"https:\/\/grontkontor.dk\/sv\/wp-json\/wp\/v2\/product"}],"about":[{"href":"https:\/\/grontkontor.dk\/sv\/wp-json\/wp\/v2\/types\/product"}],"replies":[{"embeddable":true,"href":"https:\/\/grontkontor.dk\/sv\/wp-json\/wp\/v2\/comments?post=85030"}],"wp:featuredmedia":[{"embeddable":true,"href":"https:\/\/grontkontor.dk\/sv\/wp-json\/wp\/v2\/media\/85038"}],"wp:attachment":[{"href":"https:\/\/grontkontor.dk\/sv\/wp-json\/wp\/v2\/media?parent=85030"}],"wp:term":[{"taxonomy":"product_cat","embeddable":true,"href":"https:\/\/grontkontor.dk\/sv\/wp-json\/wp\/v2\/product_cat?post=85030"},{"taxonomy":"product_tag","embeddable":true,"href":"https:\/\/grontkontor.dk\/sv\/wp-json\/wp\/v2\/product_tag?post=85030"}],"curies":[{"name":"wp","href":"https:\/\/api.w.org\/{rel}","templated":true}]}}