{"id":85245,"date":"2023-09-22T15:07:05","date_gmt":"2024-05-15T13:52:17","guid":{"rendered":"https:\/\/grontkontor.dk\/shop\/vaxt-gift-lonn-tra\/"},"modified":"2024-05-15T15:52:17","modified_gmt":"2024-05-15T13:52:17","slug":"vaxt-gift-lonn-tra","status":"publish","type":"product","link":"https:\/\/grontkontor.dk\/sv\/shop\/vaxt-gift-lonn-tra\/","title":{"rendered":"V\u00e4xtg\u00e5va i l\u00f6nntr\u00e4d"},"content":{"rendered":"<p>\u00d6rtkrukor gjorda av h\u00e5llbar l\u00f6nn. Tillverkad av rena naturmaterial: l\u00f6nntr\u00e4, papper och jord.<br \/>\nV\u00e4lj bland annat 15 fr\u00f6n. a. chili, basilika, \u00f6rtblandning, timjan och solros. Levereras med &#8220;malda piller&#8221; som passar kuben.<\/p>\n<p>En bit av naturen p\u00e5 ett skrivbord eller en f\u00f6nsterbr\u00e4da illustrerar det gr\u00f6na fingeravtrycket av ett f\u00f6retags reklam. 4x4x4 cm. Priset \u00e4r inkl. moms. 4-f\u00e4rgstryck p\u00e5 pappersomslaget. Finns \u00e4ven med lasergravyr p\u00e5 kuben<br \/>\nEn bokstavligen out-of-the-box, vacker, milj\u00f6v\u00e4nlig och levande reklamg\u00e5va.<\/p>\nKan som n\u00e5got helt nytt nu leveres med &oslash;kologiske fr&oslash;, ytterligare upplysningar p\u00e5 <a class=\"light\" href=\"mailto:info@grontkontor.dk\">info@grontkontor.dk<\/a>\n","protected":false},"excerpt":{"rendered":"<p>\u00d6rtkrukor gjorda av h\u00e5llbar l\u00f6nn. Tillverkad av rena naturmaterial: l\u00f6nntr\u00e4, papper och jord. V\u00e4lj bland annat 15 fr\u00f6n. a. chili, basilika, \u00f6rtblandning, timjan och solros. Levereras med &#8220;malda piller&#8221; som passar kuben. En bit av naturen p\u00e5 ett skrivbord eller en f\u00f6nsterbr\u00e4da illustrerar det gr\u00f6na fingeravtrycket av ett f\u00f6retags reklam. 4x4x4 cm. Priset \u00e4r inkl. [&hellip;]<\/p>\n","protected":false},"featured_media":0,"comment_status":"closed","ping_status":"closed","template":"","meta":{"_acf_changed":false},"product_cat":[],"product_tag":[1865,1862,1864],"class_list":{"0":"post-85245","1":"product","2":"type-product","3":"status-publish","5":"product_tag-urtepotte-sv","6":"product_tag-groen-gave-sv","7":"product_tag-plantegave-sv","8":"tm-has-options","10":"first","11":"instock","12":"purchasable","13":"product-type-variable"},"acf":[],"yoast_head":"<!-- This site is optimized with the Yoast SEO Premium plugin v21.2 (Yoast SEO v21.2) - https:\/\/yoast.com\/wordpress\/plugins\/seo\/ -->\n<title>V\u00e4xtg\u00e5va i l\u00f6nntr\u00e4d - Gr\u00f8nt Kontor<\/title>\n<meta name=\"robots\" content=\"index, follow, max-snippet:-1, max-image-preview:large, max-video-preview:-1\" \/>\n<link rel=\"canonical\" href=\"https:\/\/grontkontor.dk\/sv\/shop\/vaxt-gift-lonn-tra\/\" \/>\n<meta property=\"og:locale\" content=\"sv_SE\" \/>\n<meta property=\"og:type\" content=\"article\" \/>\n<meta property=\"og:title\" content=\"V\u00e4xtg\u00e5va i l\u00f6nntr\u00e4d\" \/>\n<meta property=\"og:description\" content=\"\u00d6rtkrukor gjorda av h\u00e5llbar l\u00f6nn. Tillverkad av rena naturmaterial: l\u00f6nntr\u00e4, papper och jord. V\u00e4lj bland annat 15 fr\u00f6n. a. chili, basilika, \u00f6rtblandning, timjan och solros. Levereras med &#8220;malda piller&#8221; som passar kuben. En bit av naturen p\u00e5 ett skrivbord eller en f\u00f6nsterbr\u00e4da illustrerar det gr\u00f6na fingeravtrycket av ett f\u00f6retags reklam. 4x4x4 cm. Priset \u00e4r inkl. [&hellip;]\" \/>\n<meta property=\"og:url\" content=\"https:\/\/grontkontor.dk\/sv\/shop\/vaxt-gift-lonn-tra\/\" \/>\n<meta property=\"og:site_name\" content=\"Gr\u00f8nt Kontor\" \/>\n<meta property=\"article:publisher\" content=\"https:\/\/www.facebook.com\/grontkontor.dk\/\" \/>\n<meta name=\"twitter:card\" content=\"summary_large_image\" \/>\n<script type=\"application\/ld+json\" class=\"yoast-schema-graph\">{\"@context\":\"https:\/\/schema.org\",\"@graph\":[{\"@type\":\"WebPage\",\"@id\":\"https:\/\/grontkontor.dk\/sv\/shop\/vaxt-gift-lonn-tra\/\",\"url\":\"https:\/\/grontkontor.dk\/sv\/shop\/vaxt-gift-lonn-tra\/\",\"name\":\"V\u00e4xtg\u00e5va i l\u00f6nntr\u00e4d - Gr\u00f8nt Kontor\",\"isPartOf\":{\"@id\":\"https:\/\/grontkontor.dk\/#website\"},\"datePublished\":\"2024-05-15T13:52:17+00:00\",\"dateModified\":\"2024-05-15T13:52:17+00:00\",\"breadcrumb\":{\"@id\":\"https:\/\/grontkontor.dk\/sv\/shop\/vaxt-gift-lonn-tra\/#breadcrumb\"},\"inLanguage\":\"sv-SE\",\"potentialAction\":[{\"@type\":\"ReadAction\",\"target\":[\"https:\/\/grontkontor.dk\/sv\/shop\/vaxt-gift-lonn-tra\/\"]}]},{\"@type\":\"BreadcrumbList\",\"@id\":\"https:\/\/grontkontor.dk\/sv\/shop\/vaxt-gift-lonn-tra\/#breadcrumb\",\"itemListElement\":[{\"@type\":\"ListItem\",\"position\":1,\"name\":\"Forside\",\"item\":\"https:\/\/grontkontor.dk\/\"},{\"@type\":\"ListItem\",\"position\":2,\"name\":\"Shop\",\"item\":\"https:\/\/grontkontor.dk\/sv\/shop\/\"},{\"@type\":\"ListItem\",\"position\":3,\"name\":\"V\u00e4xtg\u00e5va i l\u00f6nntr\u00e4d\"}]},{\"@type\":\"WebSite\",\"@id\":\"https:\/\/grontkontor.dk\/#website\",\"url\":\"https:\/\/grontkontor.dk\/\",\"name\":\"Gr\u00f8nt Kontor\",\"description\":\"Milj\u00f8venlige produkter til kontor og erhverv med fokus p\u00e5 b\u00e6redygtighed, design og fair trade.\",\"publisher\":{\"@id\":\"https:\/\/grontkontor.dk\/#organization\"},\"potentialAction\":[{\"@type\":\"SearchAction\",\"target\":{\"@type\":\"EntryPoint\",\"urlTemplate\":\"https:\/\/grontkontor.dk\/?s={search_term_string}\"},\"query-input\":\"required name=search_term_string\"}],\"inLanguage\":\"sv-SE\"},{\"@type\":\"Organization\",\"@id\":\"https:\/\/grontkontor.dk\/#organization\",\"name\":\"Gr\u00f8nt Kontor\",\"url\":\"https:\/\/grontkontor.dk\/\",\"logo\":{\"@type\":\"ImageObject\",\"inLanguage\":\"sv-SE\",\"@id\":\"https:\/\/grontkontor.dk\/#\/schema\/logo\/image\/\",\"url\":\"https:\/\/grontkontor.dk\/wp-content\/uploads\/2014\/02\/Logo_groent_kontor_300x80.png\",\"contentUrl\":\"https:\/\/grontkontor.dk\/wp-content\/uploads\/2014\/02\/Logo_groent_kontor_300x80.png\",\"width\":300,\"height\":80,\"caption\":\"Gr\u00f8nt Kontor\"},\"image\":{\"@id\":\"https:\/\/grontkontor.dk\/#\/schema\/logo\/image\/\"},\"sameAs\":[\"https:\/\/www.facebook.com\/grontkontor.dk\/\"]}]}<\/script>\n<!-- \/ Yoast SEO Premium plugin. -->","yoast_head_json":{"title":"V\u00e4xtg\u00e5va i l\u00f6nntr\u00e4d - Gr\u00f8nt Kontor","robots":{"index":"index","follow":"follow","max-snippet":"max-snippet:-1","max-image-preview":"max-image-preview:large","max-video-preview":"max-video-preview:-1"},"canonical":"https:\/\/grontkontor.dk\/sv\/shop\/vaxt-gift-lonn-tra\/","og_locale":"sv_SE","og_type":"article","og_title":"V\u00e4xtg\u00e5va i l\u00f6nntr\u00e4d","og_description":"\u00d6rtkrukor gjorda av h\u00e5llbar l\u00f6nn. Tillverkad av rena naturmaterial: l\u00f6nntr\u00e4, papper och jord. V\u00e4lj bland annat 15 fr\u00f6n. a. chili, basilika, \u00f6rtblandning, timjan och solros. Levereras med &#8220;malda piller&#8221; som passar kuben. En bit av naturen p\u00e5 ett skrivbord eller en f\u00f6nsterbr\u00e4da illustrerar det gr\u00f6na fingeravtrycket av ett f\u00f6retags reklam. 4x4x4 cm. Priset \u00e4r inkl. [&hellip;]","og_url":"https:\/\/grontkontor.dk\/sv\/shop\/vaxt-gift-lonn-tra\/","og_site_name":"Gr\u00f8nt Kontor","article_publisher":"https:\/\/www.facebook.com\/grontkontor.dk\/","twitter_card":"summary_large_image","schema":{"@context":"https:\/\/schema.org","@graph":[{"@type":"WebPage","@id":"https:\/\/grontkontor.dk\/sv\/shop\/vaxt-gift-lonn-tra\/","url":"https:\/\/grontkontor.dk\/sv\/shop\/vaxt-gift-lonn-tra\/","name":"V\u00e4xtg\u00e5va i l\u00f6nntr\u00e4d - Gr\u00f8nt Kontor","isPartOf":{"@id":"https:\/\/grontkontor.dk\/#website"},"datePublished":"2024-05-15T13:52:17+00:00","dateModified":"2024-05-15T13:52:17+00:00","breadcrumb":{"@id":"https:\/\/grontkontor.dk\/sv\/shop\/vaxt-gift-lonn-tra\/#breadcrumb"},"inLanguage":"sv-SE","potentialAction":[{"@type":"ReadAction","target":["https:\/\/grontkontor.dk\/sv\/shop\/vaxt-gift-lonn-tra\/"]}]},{"@type":"BreadcrumbList","@id":"https:\/\/grontkontor.dk\/sv\/shop\/vaxt-gift-lonn-tra\/#breadcrumb","itemListElement":[{"@type":"ListItem","position":1,"name":"Forside","item":"https:\/\/grontkontor.dk\/"},{"@type":"ListItem","position":2,"name":"Shop","item":"https:\/\/grontkontor.dk\/sv\/shop\/"},{"@type":"ListItem","position":3,"name":"V\u00e4xtg\u00e5va i l\u00f6nntr\u00e4d"}]},{"@type":"WebSite","@id":"https:\/\/grontkontor.dk\/#website","url":"https:\/\/grontkontor.dk\/","name":"Gr\u00f8nt Kontor","description":"Milj\u00f8venlige produkter til kontor og erhverv med fokus p\u00e5 b\u00e6redygtighed, design og fair trade.","publisher":{"@id":"https:\/\/grontkontor.dk\/#organization"},"potentialAction":[{"@type":"SearchAction","target":{"@type":"EntryPoint","urlTemplate":"https:\/\/grontkontor.dk\/?s={search_term_string}"},"query-input":"required name=search_term_string"}],"inLanguage":"sv-SE"},{"@type":"Organization","@id":"https:\/\/grontkontor.dk\/#organization","name":"Gr\u00f8nt Kontor","url":"https:\/\/grontkontor.dk\/","logo":{"@type":"ImageObject","inLanguage":"sv-SE","@id":"https:\/\/grontkontor.dk\/#\/schema\/logo\/image\/","url":"https:\/\/grontkontor.dk\/wp-content\/uploads\/2014\/02\/Logo_groent_kontor_300x80.png","contentUrl":"https:\/\/grontkontor.dk\/wp-content\/uploads\/2014\/02\/Logo_groent_kontor_300x80.png","width":300,"height":80,"caption":"Gr\u00f8nt Kontor"},"image":{"@id":"https:\/\/grontkontor.dk\/#\/schema\/logo\/image\/"},"sameAs":["https:\/\/www.facebook.com\/grontkontor.dk\/"]}]}},"_links":{"self":[{"href":"https:\/\/grontkontor.dk\/sv\/wp-json\/wp\/v2\/product\/85245"}],"collection":[{"href":"https:\/\/grontkontor.dk\/sv\/wp-json\/wp\/v2\/product"}],"about":[{"href":"https:\/\/grontkontor.dk\/sv\/wp-json\/wp\/v2\/types\/product"}],"replies":[{"embeddable":true,"href":"https:\/\/grontkontor.dk\/sv\/wp-json\/wp\/v2\/comments?post=85245"}],"wp:attachment":[{"href":"https:\/\/grontkontor.dk\/sv\/wp-json\/wp\/v2\/media?parent=85245"}],"wp:term":[{"taxonomy":"product_cat","embeddable":true,"href":"https:\/\/grontkontor.dk\/sv\/wp-json\/wp\/v2\/product_cat?post=85245"},{"taxonomy":"product_tag","embeddable":true,"href":"https:\/\/grontkontor.dk\/sv\/wp-json\/wp\/v2\/product_tag?post=85245"}],"curies":[{"name":"wp","href":"https:\/\/api.w.org\/{rel}","templated":true}]}}